{"id":25672,"date":"2022-01-18T08:56:07","date_gmt":"2022-01-18T08:56:07","guid":{"rendered":"https:\/\/ponsensport.nl\/?page_id=25672"},"modified":"2026-01-21T09:56:40","modified_gmt":"2026-01-21T09:56:40","slug":"vacature","status":"publish","type":"page","link":"https:\/\/ponsensport.nl\/de\/jobs\/","title":{"rendered":"Jobs"},"content":{"rendered":"<div class=\"brz brz-root__container brz-reset-all brz-root__container-page\">\n<section id=\"82f5418646ba0781b698_bofsqvqfgqepmftuqmzfyvqnvervuiuwbtjz\" class=\"brz-section brz-css-el2j0q brz-css-ihgbes\">\n<div class=\"brz-section__content brz-section--boxed brz-css-5j7l3d brz-css-16rn0d6\" data-brz-custom-id=\"aexfeiyojjxwyzxqhfnlenbueektcacgsnak\">\n<div class=\"brz-bg\">\n<div class=\"brz-bg-color\"><\/div>\n<\/div>\n<div class=\"brz-container brz-css-118otgt brz-css-1s40ch4\">\n<div class=\"brz-row__container brz-css-hpong3 brz-css-1rqurb3\" data-brz-custom-id=\"sfclkyhesbikuhpxpezdnjgpbvgmheumrbfc\">\n<div class=\"brz-row brz-css-1w2nhhn brz-css-t8qh7i brz-css-11vd1bt\">\n<div class=\"brz-columns brz-css-szoqe4 brz-css-6399go\" data-brz-custom-id=\"mseciyysdprovjjkqnmftxmmhzrscboxjtji\">\n<div class=\"brz-bg\">\n<div class=\"brz-bg-image\"><\/div>\n<\/div>\n<div class=\"brz-column__items brz-css-1iz8mvz brz-css-155si1w\">\n<div id=\"\" class=\"brz-css-1qcqsbe brz-css-ehpoio brz-css-9xudb4 brz-wrapper\">\n<div class=\"brz-spacer brz-css-699ytf brz-css-87z16l\"><\/div>\n<\/div>\n<div class=\"brz-row__container brz-css-hpong3 brz-css-195jai4\" data-brz-custom-id=\"nicszussfdhivukgxhrvfudqmpunohalcypq\">\n<div class=\"brz-row brz-row--inner brz-css-1w2nhhn brz-css-t8qh7i brz-css-1gbwpxa\">\n<div class=\"brz-columns brz-css-szoqe4 brz-css-1b0mmd2\" data-brz-custom-id=\"fuadqcfmtdqsfaudtpqhzlskejbuzipjhahu\">\n<div class=\"brz-bg\">\n<div class=\"brz-bg-color\"><\/div>\n<\/div>\n<div class=\"brz-column__items brz-css-1iz8mvz brz-css-1uur4ve\">\n<div id=\"\" class=\"brz-css-1qcqsbe brz-css-1go89s9 brz-wrapper\">\n<div class=\"brz-rich-text brz-rich-text__custom brz-css-1oi80os brz-css-1n3c2if\" data-brz-custom-id=\"lswkaljpdoeyimusamjhlnjvcbctbsmwwapb\">\n<div data-brz-translate-text=\"1\">\n<p class=\"brz-tp-lg-heading2 brz-css-giVDr\" data-uniq-id=\"kmasb\" data-generated-css=\"brz-css-difyu\"><span class=\"brz-cp-color8\">Bei Ponsen trainierst Du in gem\u00fctlicher und entspannter Atmosph\u00e4re!<\/span><\/p>\n<\/div>\n<\/div>\n<\/div>\n<div id=\"\" class=\"brz-css-1qcqsbe brz-css-otuspw brz-wrapper\">\n<div class=\"brz-rich-text brz-rich-text__custom brz-css-1oi80os brz-css-1ge193b\" data-brz-custom-id=\"wpzdelamddyxuyrsfhptnkzvmxpetamohozm\">\n<div data-brz-translate-text=\"1\">\n<p class=\"brz-fw-xs-300 brz-fw-sm-300 brz-fw-lg-300 brz-ls-xs-0 brz-ls-sm-0 brz-ls-lg-0 brz-fs-xs-17 brz-fs-sm-17 brz-fs-lg-17 brz-lh-xs-1_5 brz-lh-sm-1_5 brz-lh-lg-1_8 brz-ff-lktwpsqzihkmjjpxnwnmrddxqblukadakxcs brz-ft-upload brz-css-n5GPv\" data-generated-css=\"brz-css-jljfh\" data-uniq-id=\"xdgts\"><span>Wir begleiten und unterst\u00fctzen dich dabei deine Ziele zu erreichen!<\/span><\/p>\n<\/div>\n<\/div>\n<\/div>\n<\/div>\n<\/div>\n<\/div>\n<\/div>\n<\/div>\n<\/div>\n<\/div>\n<\/div>\n<\/div>\n<\/div>\n<\/section>\n<section id=\"mcpcojbzkjteggumvfheoyqhuixkleitdpeh_mcpcojbzkjteggumvfheoyqhuixkleitdpeh\" class=\"brz-section brz-css-taw4y7 brz-css-1fiy19l\">\n<div class=\"brz-section__content brz-section--boxed brz-css-y5utw2 brz-css-17b9y0l\" data-brz-custom-id=\"fmonkdirbcqsyyewbsfiibneaynmxaetggsb\">\n<div class=\"brz-bg\">\n<div class=\"brz-bg-color\"><\/div>\n<\/div>\n<div class=\"brz-container brz-css-35ib40 brz-css-1hdhyoo\">\n<div id=\"\" class=\"brz-css-r69x0i brz-css-yi6ckw brz-wrapper\">\n<div class=\"brz-rich-text brz-rich-text__custom brz-css-10vcok brz-css-nbjxzc\" data-brz-custom-id=\"lbnmlfwsawfudflcrdikteauskgimmuwhrft\">\n<div data-brz-translate-text=\"1\">\n<p data-generated-css=\"brz-css-vRN4j\" data-uniq-id=\"wRbaI\" class=\"brz-tp-lg-heading1 brz-text-lg-center brz-css-rEZR1\">Arbeitet in der Welt der Fitness!<\/p>\n<\/div>\n<\/div>\n<\/div>\n<div id=\"\" class=\"brz-css-r69x0i brz-css-yyv5m4 brz-wrapper\">\n<div class=\"brz-rich-text brz-rich-text__custom brz-css-10vcok brz-css-1kx67vg\" data-brz-custom-id=\"bqrvvusnlnljawkktezgyogjphbmulhucuue\">\n<div data-brz-translate-text=\"1\">\n<p class=\"brz-tp-lg-subtitle brz-text-lg-center brz-css-pOsbr\" data-generated-css=\"brz-css-vekRM\" data-uniq-id=\"zTNuk\"><span class=\"brz-cp-color7\">Arbeiten bei Ponsen ist sehr angenehm. Warum? Du arbeitest in einem famili\u00e4ren Umfeld und der Spa\u00df steht an erster Stelle. Das Wichtigste ist, dass du ein Liebhaber von Sport und Fitness bist. Aber das ist nat\u00fcrlich nicht das Wichtigste! Du arbeitest gerne mit Menschen und hast Spa\u00df. Gemeinsam sorgen wir daf\u00fcr, dass die Mitglieder Spa\u00df am Sport haben. <\/span><\/p>\n<\/div>\n<\/div>\n<\/div>\n<div id=\"\" class=\"brz-css-r69x0i brz-css-1g57y6w brz-wrapper\">\n<div class=\"brz-rich-text brz-rich-text__custom brz-css-10vcok brz-css-1mb3pcu\" data-brz-custom-id=\"ztlrnzjpjlequkktfgndsseralynqbcrlmwg\">\n<div data-brz-translate-text=\"1\">\n<p class=\"brz-tp-lg-heading2 brz-css-qSx6s\" data-generated-css=\"brz-css-adxag\" data-uniq-id=\"tgsmh\"><span class=\"brz-cp-color7\">Stellenangebote<\/span><\/p>\n<\/div>\n<\/div>\n<\/div>\n<div id=\"\" class=\"brz-css-r69x0i brz-css-sk7zd4 brz-wrapper\">\n<div class=\"brz-rich-text brz-rich-text__custom brz-css-10vcok brz-css-1yxgz4p\" data-brz-custom-id=\"tveqgqxcdcqiuyfmczwtcfsiuexwoyzvoxvh\">\n<div data-brz-translate-text=\"1\">\n<p class=\"brz-tp-lg-paragraph brz-css-aXeCi\" data-generated-css=\"brz-css-qoDOp\" data-uniq-id=\"bsBPP\"><span class=\"brz-cp-color7\">Ponsen ist immer auf der Suche nach begeisterten Kollegen. M\u00f6chtest du gerne bei Ponsen arbeiten?Auf dieser Seite findest du alle offenen Stellen. <\/span><\/p>\n<p class=\"brz-tp-lg-paragraph brz-css-sRPLl\" data-generated-css=\"brz-css-uj00J\" data-uniq-id=\"y7YPg\"><span class=\"brz-cp-color7\">Du kannst dich auch auf eine bereits besetzte Stelle bewerben!<\/span><\/p>\n<\/div>\n<\/div>\n<\/div>\n<div class=\"brz-row__container brz-css-iq9fxa brz-css-1a3nl6c\" data-brz-custom-id=\"gptzudoafqgvszbmhaipcsxdlrhjdkbjgwuf\">\n<div class=\"brz-row brz-css-3r8679 brz-css-1hyofz4 brz-css-15tz2n9\">\n<div class=\"brz-columns brz-css-uxutu7 brz-css-172abxw\" data-brz-custom-id=\"qydwqqrjuqpaqlsonhdpxqqurwsvpxxuksrx\">\n<div class=\"brz-column__items brz-css-1xmnuyh brz-css-3pvzv0\">\n<div id=\"\" class=\"brz-css-r69x0i brz-css-7292wd brz-wrapper\">\n<div class=\"brz-image brz-css-tm7flb brz-css-150gknf\" data-brz-custom-id=\"msmeakpkzrrjcjzecbvqoybbbojbwaugcsml\"><img decoding=\"async\" class=\"brz-img\" src=\"https:\/\/ponsensport.nl\/wp-content\/uploads\/brizy\/imgs\/20240715-DHF_5947-624x416x69x0x555x416x1723811850.jpg\" loading=\"lazy\" alt=\"\" title=\"20240715-DHF_5947\"><\/div>\n<\/div>\n<\/div>\n<\/div>\n<div class=\"brz-columns brz-css-uxutu7 brz-css-93vhga\" data-brz-custom-id=\"ugamqrjdcqqfmzxswgmjmlzrvbwrjtbiwxkf\">\n<div class=\"brz-column__items brz-css-1xmnuyh brz-css-w0d1hs\">\n<div class=\"brz-row__container brz-css-iq9fxa brz-css-11zgr8t\" data-brz-custom-id=\"tvaamfoxtxmxwyhgxgckpynheddthdjyexlw\">\n<div class=\"brz-row brz-row--inner brz-css-3r8679 brz-css-1hyofz4 brz-css-1prwqp6\">\n<div class=\"brz-columns brz-css-uxutu7 brz-css-2gldtp\" data-brz-custom-id=\"drbcmrbfszrjsorwkudhymemjsrymkfloiur\">\n<div class=\"brz-column__items brz-css-1xmnuyh brz-css-1yo89xl\">\n<div id=\"\" class=\"brz-css-r69x0i brz-css-1uuytkz brz-wrapper\">\n<div class=\"brz-rich-text brz-rich-text__custom brz-css-10vcok brz-css-16thp6e\" data-brz-custom-id=\"pcaitaqdvdjupqvcuzzrcoelugajqkwpcqtj\">\n<div data-brz-translate-text=\"1\">\n<p class=\"brz-tp-lg-heading3 brz-text-lg-justify brz-css-sRZIb\" data-uniq-id=\"y25IA\" data-generated-css=\"brz-css-j3SOh\"><span class=\"brz-cp-color7\">Fitness instructeur<\/span><\/p>\n<\/div>\n<\/div>\n<\/div>\n<\/div>\n<\/div>\n<div class=\"brz-columns brz-css-uxutu7 brz-css-cna36m\" data-brz-custom-id=\"rdyenyfafzkidibwchwlihxabuvtfgpftqzt\">\n<div class=\"brz-column__items brz-css-1xmnuyh brz-css-1e333pi\">\n<div class=\"brz-wrapper-clone brz-flex-xs-wrap brz-css-g2v9kq brz-css-1t2f4lr\" data-brz-custom-id=\"gfjngxsgdfsjnfyrbasyxjkqqvuwqdlrxnlv\"><a class=\"brz-a brz-btn brz-css-1hprpf2 brz-css-17k2vi0 brz-css-xtxu3t brz-css-tic62v\" href=\"#\" target=\"_self\" rel=\"noopener\" data-brz-link-type=\"external\" data-brz-custom-id=\"knixwlzggzxcwyquhyyagpnlmhmnnshvdnfr\"><span data-brz-translate-text=\"1\" class=\"brz-span brz-text__editor\">Offen<\/span><\/a><\/div>\n<\/div>\n<\/div>\n<\/div>\n<\/div>\n<div id=\"\" class=\"brz-css-r69x0i brz-css-1d5k926 brz-wrapper\">\n<div class=\"brz-rich-text brz-rich-text__custom brz-css-10vcok brz-css-1sf7amk\" data-brz-custom-id=\"rojqracicppdmnbhrmrrdvxqrsyqitpqrcjc\">\n<div data-brz-translate-text=\"1\">\n<p class=\"brz-tp-lg-paragraph brz-css-gbbiT\" data-uniq-id=\"r1Meu\" data-generated-css=\"brz-css-iPmNj\"><span class=\"brz-cp-color7\">Heb jij een passie voor sport en het coachen van mensen?  Dan is sluit deze vacature goed op jou aan!<\/span><\/p>\n<p class=\"brz-tp-lg-paragraph brz-css-bXjcQ\" data-uniq-id=\"dMwig\" data-generated-css=\"brz-css-wkpkr\"><span class=\"brz-cp-color7\"> <\/span><\/p>\n<p class=\"brz-tp-lg-paragraph brz-css-rIafg\" data-uniq-id=\"vTvhD\" data-generated-css=\"brz-css-rBC0y\">Fitnesscentrum Ponsen is op zoek naar een groepsles- en fitness instructeur (M\/V) voor 20 \u00e1 25 uur in de week.<\/p>\n<p class=\"brz-tp-lg-paragraph brz-css-g5J2j\" data-uniq-id=\"nJpOc\" data-generated-css=\"brz-css-yDoly\"><\/p>\n<\/div>\n<\/div>\n<\/div>\n<div id=\"\" class=\"brz-css-r69x0i brz-css-rquxyr brz-wrapper\">\n<div class=\"brz-rich-text brz-rich-text__custom brz-css-10vcok brz-css-1sprxag\" data-brz-custom-id=\"nxthpeknvfzlzqwhdqlxulmgywkilpfmclxu\">\n<div data-brz-translate-text=\"1\">\n<p class=\"brz-tp-lg-button brz-css-fcE6c\" data-generated-css=\"brz-css-jnveg\" data-uniq-id=\"imzke\"><a class=\"link--external brz-cp-color7\" href=\"\/de\/groepslesinstructeur\/\" data-brz-link-type=\"external\">Mehr lesen<\/a><\/p>\n<\/div>\n<\/div>\n<\/div>\n<\/div>\n<\/div>\n<\/div>\n<\/div>\n<div id=\"\" class=\"brz-css-r69x0i brz-css-1wczlqi brz-css-156a25d brz-wrapper\">\n<div class=\"brz-spacer brz-css-5bdjh6 brz-css-1jeh5td\"><\/div>\n<\/div>\n<\/div>\n<\/div>\n<\/section><\/div>\n<p><!-- version:1762857233 --><\/p>","protected":false},"excerpt":{"rendered":"<p>Gezellig en ontspannen sporten doe je bij Ponsen! Wij staan klaar voor je om jouw persoonlijke doelen te bereiken! Kom werken in de fitnesswereld! [&hellip;]<\/p>\n","protected":false},"author":1,"featured_media":0,"parent":0,"menu_order":0,"comment_status":"closed","ping_status":"closed","template":"brizy-blank-template.php","meta":{"inline_featured_image":false,"site-sidebar-layout":"default","site-content-layout":"","ast-site-content-layout":"default","site-content-style":"default","site-sidebar-style":"default","ast-global-header-display":"","ast-banner-title-visibility":"","ast-main-header-display":"","ast-hfb-above-header-display":"","ast-hfb-below-header-display":"","ast-hfb-mobile-header-display":"","site-post-title":"","ast-breadcrumbs-content":"","ast-featured-img":"","footer-sml-layout":"","ast-disable-related-posts":"","theme-transparent-header-meta":"","adv-header-id-meta":"","stick-header-meta":"","header-above-stick-meta":"","header-main-stick-meta":"","header-below-stick-meta":"","astra-migrate-meta-layouts":"default","ast-page-background-enabled":"default","ast-page-background-meta":{"desktop":{"background-color":"","background-image":"","background-repeat":"repeat","background-position":"center center","background-size":"auto","background-attachment":"scroll","background-type":"","background-media":"","overlay-type":"","overlay-color":"","overlay-opacity":"","overlay-gradient":""},"tablet":{"background-color":"","background-image":"","background-repeat":"repeat","background-position":"center center","background-size":"auto","background-attachment":"scroll","background-type":"","background-media":"","overlay-type":"","overlay-color":"","overlay-opacity":"","overlay-gradient":""},"mobile":{"background-color":"","background-image":"","background-repeat":"repeat","background-position":"center center","background-size":"auto","background-attachment":"scroll","background-type":"","background-media":"","overlay-type":"","overlay-color":"","overlay-opacity":"","overlay-gradient":""}},"ast-content-background-meta":{"desktop":{"background-color":"var(--ast-global-color-5)","background-image":"","background-repeat":"repeat","background-position":"center center","background-size":"auto","background-attachment":"scroll","background-type":"","background-media":"","overlay-type":"","overlay-color":"","overlay-opacity":"","overlay-gradient":""},"tablet":{"background-color":"var(--ast-global-color-5)","background-image":"","background-repeat":"repeat","background-position":"center center","background-size":"auto","background-attachment":"scroll","background-type":"","background-media":"","overlay-type":"","overlay-color":"","overlay-opacity":"","overlay-gradient":""},"mobile":{"background-color":"var(--ast-global-color-5)","background-image":"","background-repeat":"repeat","background-position":"center center","background-size":"auto","background-attachment":"scroll","background-type":"","background-media":"","overlay-type":"","overlay-color":"","overlay-opacity":"","overlay-gradient":""}},"footnotes":""},"class_list":["post-25672","page","type-page","status-publish","hentry"],"brizy_media":[{"id":14639,"url":"https:\/\/ponsensport.nl\/wp-content\/uploads\/2021\/08\/LHP_PONSEN_GROEPSLESSEN-19.jpg","name":"LHP_PONSEN_GROEPSLESSEN-19.jpg","meta":{"brizy_attachment_uid":"wp-b0e31ec4063445b6af264cc3bd60005b.jpg","brizy_post_uid":["b6cb8ad2d518a0aa6a60c6b32bb98706","14f5f18d3a2a0fcf9b69de8a87e4c7e7","1418ac18997b614c52996aa1badf6724"]}},{"id":14869,"url":"https:\/\/ponsensport.nl\/wp-content\/uploads\/2021\/08\/LHP_PONSEN_GROEPSLESSEN-6-6.jpg","name":"LHP_PONSEN_GROEPSLESSEN-6-6.jpg","meta":{"brizy_attachment_uid":"wp-7948932a4f12a0f69aca21e59252b66b.jpg","brizy_post_uid":["3ede990ea0320781762988e8148d5865","49f3603912afa376ceda595eaa6c7651","b6cb8ad2d518a0aa6a60c6b32bb98706","ed5279c9e4f01beec699a0f080c0b199","1418ac18997b614c52996aa1badf6724"]}},{"id":14914,"url":"https:\/\/ponsensport.nl\/wp-content\/uploads\/2021\/08\/LHP_PONSEN_GROEPSLESSEN-37.jpg","name":"LHP_PONSEN_GROEPSLESSEN-37.jpg","meta":{"brizy_attachment_uid":"wp-7064d85f027e35a5cbe7fe608bedf794.jpg","brizy_post_uid":["6d4259f2538a6a78a3c923a49192bf5d","b6cb8ad2d518a0aa6a60c6b32bb98706","1418ac18997b614c52996aa1badf6724"]}},{"id":16086,"url":"https:\/\/ponsensport.nl\/wp-content\/uploads\/2021\/08\/LHP_FITNESSCENTRUM_PONSEN_IMPRESSIE-44.jpg","name":"LHP_FITNESSCENTRUM_PONSEN_IMPRESSIE-44.jpg","meta":{"brizy_attachment_uid":"wp-3204b31a4f821fb48e6f49473947ae48.jpg","brizy_post_uid":["3d2ef8e290771ae57921630c538515b2","c37c5651c2a2089b421c945b039d3cc8","1418ac18997b614c52996aa1badf6724","c503a6ac82bc6059a78d4eafe36d5d76","71786cdf1e056f509db91eecbe7e78f8"]}},{"id":16192,"url":"https:\/\/ponsensport.nl\/wp-content\/uploads\/2021\/08\/LHP_FITNESSCENTRUM_PONSEN_IMPRESSIE-14.jpg","name":"LHP_FITNESSCENTRUM_PONSEN_IMPRESSIE-14.jpg","meta":{"brizy_attachment_uid":"wp-dac80bd467354f207d9d3c2df21b602e.jpg","brizy_post_uid":["b6cb8ad2d518a0aa6a60c6b32bb98706","1418ac18997b614c52996aa1badf6724","22c2e4d2c569a754b5ef009f85ffba8a"]}},{"id":19922,"url":"https:\/\/ponsensport.nl\/wp-content\/uploads\/2021\/09\/LHP_FINTESSCENTRUM_PONSEN_19-09-14.jpg","name":"LHP_FINTESSCENTRUM_PONSEN_19-09-14.jpg","meta":{"brizy_attachment_uid":"wp-2d1559a0efba622dce310035bf7af46a.jpg","brizy_post_uid":["b6cb8ad2d518a0aa6a60c6b32bb98706","134f5c63ef682627d177c0fed7638038","16e2cdc1699c649208c53b4f43e2f2bf","1418ac18997b614c52996aa1badf6724"]}},{"id":19939,"url":"https:\/\/ponsensport.nl\/wp-content\/uploads\/2021\/09\/LHP_FINTESSCENTRUM_PONSEN_19-09-7.jpg","name":"LHP_FINTESSCENTRUM_PONSEN_19-09-7.jpg","meta":{"brizy_attachment_uid":"wp-81c08c497d32b7d01049e29d7416cf58.jpg","brizy_post_uid":["b6cb8ad2d518a0aa6a60c6b32bb98706","1418ac18997b614c52996aa1badf6724"]}},{"id":25715,"url":"https:\/\/ponsensport.nl\/wp-content\/uploads\/2022\/01\/20220118_111533-scaled.jpg","name":"20220118_111533.jpg","meta":{"brizy_attachment_uid":"wp-d12501fcac33c44ca58dad4ab997df85.jpg","brizy_post_uid":["c503a6ac82bc6059a78d4eafe36d5d76","1418ac18997b614c52996aa1badf6724","22c2e4d2c569a754b5ef009f85ffba8a"]}},{"id":25730,"url":"https:\/\/ponsensport.nl\/wp-content\/uploads\/2022\/01\/20220118_092828-scaled.jpg","name":"20220118_092828.jpg","meta":{"brizy_attachment_uid":"wp-f3544b2966a086039a4e48c915fc62e8.jpg","brizy_post_uid":["1418ac18997b614c52996aa1badf6724","d833ed379f9fd3217e19c6a00803445a"]}},{"id":25731,"url":"https:\/\/ponsensport.nl\/wp-content\/uploads\/2022\/01\/269686114_4644848428931476_3596710171042494590_n.jpg","name":"269686114_4644848428931476_3596710171042494590_n.jpg","meta":{"brizy_attachment_uid":"wp-0de81ee543612f03f121712c293a0b3f.jpg","brizy_post_uid":["1418ac18997b614c52996aa1badf6724"]}},{"id":34148,"url":"https:\/\/ponsensport.nl\/wp-content\/uploads\/2024\/08\/20240715-DHF_5076.jpg","name":"20240715-DHF_5076.jpg","meta":{"brizy_attachment_uid":"wp-bfe31bfe2eb1ee26333fa26c72d0ff87.jpg","brizy_post_uid":["14f5f18d3a2a0fcf9b69de8a87e4c7e7","1418ac18997b614c52996aa1badf6724"]}},{"id":34177,"url":"https:\/\/ponsensport.nl\/wp-content\/uploads\/2024\/08\/20240715-DHF_5947.jpg","name":"20240715-DHF_5947.jpg","meta":{"brizy_attachment_uid":"wp-1d30d70bd50fe2c058aadcbbd1a01468.jpg","brizy_post_uid":["1418ac18997b614c52996aa1badf6724"]}}],"_links":{"self":[{"href":"https:\/\/ponsensport.nl\/de\/wp-json\/wp\/v2\/pages\/25672","targetHints":{"allow":["GET"]}}],"collection":[{"href":"https:\/\/ponsensport.nl\/de\/wp-json\/wp\/v2\/pages"}],"about":[{"href":"https:\/\/ponsensport.nl\/de\/wp-json\/wp\/v2\/types\/page"}],"author":[{"embeddable":true,"href":"https:\/\/ponsensport.nl\/de\/wp-json\/wp\/v2\/users\/1"}],"replies":[{"embeddable":true,"href":"https:\/\/ponsensport.nl\/de\/wp-json\/wp\/v2\/comments?post=25672"}],"version-history":[{"count":1,"href":"https:\/\/ponsensport.nl\/de\/wp-json\/wp\/v2\/pages\/25672\/revisions"}],"predecessor-version":[{"id":34581,"href":"https:\/\/ponsensport.nl\/de\/wp-json\/wp\/v2\/pages\/25672\/revisions\/34581"}],"wp:attachment":[{"href":"https:\/\/ponsensport.nl\/de\/wp-json\/wp\/v2\/media?parent=25672"}],"curies":[{"name":"wp","href":"https:\/\/api.w.org\/{rel}","templated":true}]}}