{"id":23452,"date":"2021-10-30T11:31:29","date_gmt":"2021-10-30T11:31:29","guid":{"rendered":"https:\/\/ponsensport.nl\/?page_id=23452"},"modified":"2026-04-15T01:30:43","modified_gmt":"2026-04-15T01:30:43","slug":"buikspierkwartier","status":"publish","type":"page","link":"https:\/\/ponsensport.nl\/de\/bauchmuskeltraining\/","title":{"rendered":"Bauchmuskeltraining"},"content":{"rendered":"<div class=\"brz-root__container brz-reset-all brz\">\n<section id=\"_ebzhazosbikhljnlyqwrjvwvfqaekfuhkpzy\" class=\"brz-section brz-css-cx766\">\n<div class=\"brz-section__content brz-section--boxed brz-css-irJIF brz-css-xyX0o\" data-brz-custom-id=\"mdvpyzlxuqhlumxfpuxqzrxjekozxctbeceh\">\n<div class=\"brz-bg\">\n<div class=\"brz-bg-color\"><\/div>\n<\/div>\n<div class=\"brz-container brz-css-oueAs\">\n<div class=\"brz-row__container brz-css-kWurR\" data-brz-custom-id=\"wbkicxbghbtkwyuuiytoejkimiuhhaljvzgs\">\n<div class=\"brz-bg\"><\/div>\n<div class=\"brz-row brz-css-ak8hM brz-css-qIzA6\">\n<div class=\"brz-columns brz-css-gJXDW brz-css-daf9b\" data-brz-custom-id=\"ldeguwzkibnsojepaowcmlzvzuccmtuxriid\">\n<div class=\"brz-bg\">\n<div class=\"brz-bg-image\"><\/div>\n<\/div>\n<div class=\"brz-column__items brz-css-uoCPh brz-css-hXQG5\">\n<div id=\"\" class=\"brz-css-vf5nk brz-css-sUrYY brz-wrapper\">\n<div class=\"brz-spacer brz-css-hDgrm brz-css-pxW22\"><\/div>\n<\/div>\n<div class=\"brz-row__container brz-css-kWurR\" data-brz-custom-id=\"lydeozkmwntwtfyobqaojxiohzvkxwnwfqqg\">\n<div class=\"brz-bg\"><\/div>\n<div class=\"brz-row brz-row--inner brz-css-ak8hM brz-css-qIzA6\">\n<div class=\"brz-columns brz-css-gJXDW brz-css-r_G55\" data-brz-custom-id=\"bvyihwzlidsrusquckhkqvokdsloxauimxpg\">\n<div class=\"brz-bg\">\n<div class=\"brz-bg-color\"><\/div>\n<\/div>\n<div class=\"brz-column__items brz-css-uoCPh brz-css-nbmXL\">\n<div id=\"\" class=\"brz-css-vf5nk brz-css-d4eFr brz-wrapper\">\n<div class=\"brz-rich-text brz-rich-text__custom brz-css-wtmgc\" data-brz-custom-id=\"oogqirucikyxcpxqwgisobsfctehocdlaxfc\">\n<div data-brz-translate-text=\"1\">\n<p class=\"brz-tp-lg-heading2 brz-css-wpQLP\" data-uniq-id=\"kmasb\" data-generated-css=\"brz-css-difyu\"><span class=\"brz-cp-color8\">Bei Ponsen trainierst Du in gem\u00fctlicher und entspannter Atmosph\u00e4re!<\/span><\/p>\n<\/div>\n<\/div>\n<\/div>\n<div id=\"\" class=\"brz-css-vf5nk brz-css-rDSD4 brz-wrapper\">\n<div class=\"brz-rich-text brz-rich-text__custom brz-css-wtmgc\" data-brz-custom-id=\"mptpsqypqntimqmjalsmvaaliwmbgkjysehx\">\n<div data-brz-translate-text=\"1\">\n<p class=\"brz-fw-xs-300 brz-fw-sm-300 brz-fw-lg-300 brz-ls-xs-0 brz-ls-sm-0 brz-ls-lg-0 brz-fs-xs-17 brz-fs-sm-17 brz-fs-lg-17 brz-lh-xs-1_5 brz-lh-sm-1_5 brz-lh-lg-1_8 brz-ff-lktwpsqzihkmjjpxnwnmrddxqblukadakxcs brz-ft-upload brz-css-ziXVy\" data-generated-css=\"brz-css-jljfh\" data-uniq-id=\"xdgts\"><span>Wir begleiten und unterst\u00fctzen dich dabei deine Ziele zu erreichen!<\/span><\/p>\n<\/div>\n<\/div>\n<\/div>\n<\/div>\n<\/div>\n<\/div>\n<\/div>\n<\/div>\n<\/div>\n<\/div>\n<\/div>\n<\/div>\n<\/div>\n<\/section>\n<section id=\"_ukswqraqzoixiqfidhnkrugxaichujmovdqi\" class=\"brz-section brz-css-cx766\">\n<div class=\"brz-section__content brz-section--boxed brz-css-irJIF brz-css-uksjJ\" data-brz-custom-id=\"emoeuwlrwquxejimyqzuxdxdjwkjibeznrnb\">\n<div class=\"brz-bg\">\n<div class=\"brz-bg-color\"><\/div>\n<\/div>\n<div class=\"brz-container brz-css-oueAs\">\n<div id=\"\" class=\"brz-css-vf5nk brz-wrapper\">\n<div class=\"brz-wp-title brz-css-eBl14 brz-css-xFFbk\" data-brz-custom-id=\"hqaogrrmcbeanmaoeqeuuydmqismbsqsurhh\"><span class=\"brz-wp-title-content\" style=\"min-height:20px\"><\/span><\/div>\n<\/div>\n<div id=\"\" class=\"brz-css-vf5nk brz-css-jlsmK brz-wrapper\">\n<div class=\"brz-rich-text brz-rich-text__custom brz-css-wtmgc\" data-brz-custom-id=\"jhyamrpxvuwtihadqxbgihxqutwhlpztitbd\">\n<div data-brz-translate-text=\"1\">\n<h2 class=\"brz-text-lg-left brz-tp-lg-heading3 brz-css-depMC\" data-uniq-id=\"vbcyb\" data-generated-css=\"brz-css-bqqpc\"><span class=\"brz-cp-color2\">Was ist die Bauchmuskeltraining?<\/span><\/h2>\n<\/div>\n<\/div>\n<\/div>\n<div class=\"brz-row__container brz-css-kWurR\" data-brz-custom-id=\"tiscejylmbjnqkfqvnpgviimtnfviourvpwb\">\n<div class=\"brz-bg\"><\/div>\n<div class=\"brz-row brz-css-ak8hM brz-css-qIzA6\">\n<div class=\"brz-columns brz-css-gJXDW brz-css-lmkKe\" data-brz-custom-id=\"yedpluadpcujzvtqiohshdsxccjkuwlrovid\">\n<div class=\"brz-bg\"><\/div>\n<div class=\"brz-column__items brz-css-uoCPh brz-css-pZNuU\">\n<div id=\"\" class=\"brz-css-vf5nk brz-wrapper\">\n<div class=\"brz-rich-text brz-rich-text__custom brz-css-wtmgc\" data-brz-custom-id=\"iiyjxyezyemfcdmiimcforpqexxvzrcfcwcn\">\n<div data-brz-translate-text=\"1\">\n<p class=\"brz-tp-lg-paragraph brz-css-heX74\" data-uniq-id=\"ozgja\" data-generated-css=\"brz-css-mgbet\">15 Minuten lang liegt der Schwerpunkt auf den Bauchmuskeln. Durch die Variation der \u00dcbungen wird der gesamte Bauch trainiert. Das Bauchmuskeltraining ist f\u00fcr jeden zug\u00e4nglich und die verschiedenen Optionen bieten Jung und Alt die M\u00f6glichkeit, ihre Bauchmuskeln effektiv zu trainieren. <\/p>\n<p class=\"brz-tp-lg-paragraph brz-css-eoxNY\" data-uniq-id=\"ozgja\" data-generated-css=\"brz-css-mgbet\">\n<p class=\"brz-tp-lg-paragraph brz-css-zPspp\" data-uniq-id=\"ozgja\" data-generated-css=\"brz-css-mgbet\">Auch gut zu kombinieren mit Fitness oder einer anderen Grupppentraining!<\/p>\n<\/div>\n<\/div>\n<\/div>\n<div id=\"\" class=\"brz-css-vf5nk brz-css-sUrYY brz-wrapper\">\n<div class=\"brz-spacer brz-css-hDgrm brz-css-ioKMv\"><\/div>\n<\/div>\n<\/div>\n<\/div>\n<div class=\"brz-columns brz-css-gJXDW brz-css-xCo4b\" data-brz-custom-id=\"secxixyrizlnbacoblqfxnqsulcfvxdjiroi\">\n<div class=\"brz-bg\"><\/div>\n<div class=\"brz-column__items brz-css-uoCPh brz-css-j_FPG\">\n<div class=\"brz-row__container brz-css-kWurR\" data-brz-custom-id=\"mzqghtufwfxwvnmrhycjmaiuzgflbywigelf\">\n<div class=\"brz-bg\"><\/div>\n<div class=\"brz-row brz-row--inner brz-css-ak8hM brz-css-qIzA6\">\n<div class=\"brz-columns brz-css-gJXDW brz-css-k9WkN\" data-brz-custom-id=\"odbnlzpcwovojmknflkvlatmzrfjgrmdpeos\">\n<div class=\"brz-bg\">\n<div class=\"brz-bg-color\"><\/div>\n<\/div>\n<div class=\"brz-column__items brz-css-uoCPh brz-css-y8qSA\">\n<div id=\"\" class=\"brz-css-vf5nk brz-css-sUrYY brz-css-krluv brz-wrapper\">\n<div class=\"brz-spacer brz-css-hDgrm brz-css-nf9uH\"><\/div>\n<\/div>\n<div id=\"\" class=\"brz-css-vf5nk brz-css-oahQ9 brz-wrapper\">\n<div class=\"brz-rich-text brz-rich-text__custom brz-css-wtmgc\" data-brz-custom-id=\"ebbkyydgagkunmfeslrlmysqsfxwcruugygh\">\n<div data-brz-translate-text=\"1\">\n<p class=\"brz-text-lg-left brz-text-xs-left brz-tp-heading3 brz-css-hLM6o\"><span class=\"brz-cp-color8\">Kostenloser Probestunde<\/span><\/p>\n<\/div>\n<\/div>\n<\/div>\n<div id=\"\" class=\"brz-css-vf5nk brz-css-sUrYY brz-css-u_60p brz-wrapper\">\n<div class=\"brz-spacer brz-css-hDgrm brz-css-uesYh\"><\/div>\n<\/div>\n<div id=\"\" class=\"brz-css-vf5nk brz-css-ez7cP brz-wrapper\">\n<div class=\"brz-icon-text brz-css-tPRKF brz-css-jV_uG\" data-brz-custom-id=\"tgixgzezinzkahsynkxuchrlgitaqfokgryq\">\n<div class=\"brz-icon__container\" data-brz-custom-id=\"hdkzxqgqdpuzqplfozibatorpkhzkobwrxhj\">\n<div class=\"brz-hover-animation__container\" data-brz-hover-animationid=\"hdkzxqgqdpuzqplfozibatorpkhzkobwrxhj\" data-brz-hover-options=\"%7B%22duration%22:600,%22iterations%22:1%7D\" data-brz-hover-reversible=\"true\" data-brz-hover-target=\"%22firstChild%22\"><span class=\"brz-icon brz-span brz-css-hjkHO brz-css-wZcJJ\"><\/span><\/div>\n<\/div>\n<div class=\"brz-text-btn\">\n<div class=\"brz-rich-text brz-rich-text__custom brz-css-wtmgc\" data-brz-custom-id=\"joprszksjmncqmepygdrtbhqrnmwnlyhhufo\">\n<div data-brz-translate-text=\"1\">\n<h5 class=\"brz-tp-subtitle brz-css-wAeDl\"><span class=\"brz-cp-color8\">Pers\u00f6nliches Coaching<\/span><\/h5>\n<\/div>\n<\/div>\n<\/div>\n<\/div>\n<\/div>\n<div id=\"\" class=\"brz-css-vf5nk brz-css-pTaiI brz-wrapper\">\n<div class=\"brz-icon-text brz-css-tPRKF brz-css-eKNtT\" data-brz-custom-id=\"afcgdzddvrbobmklxaeokfbytwpkoqmkoxha\">\n<div class=\"brz-icon__container\" data-brz-custom-id=\"ppsvkayzusdycjrlpmconirtewfibirowtyx\">\n<div class=\"brz-hover-animation__container\" data-brz-hover-animationid=\"ppsvkayzusdycjrlpmconirtewfibirowtyx\" data-brz-hover-options=\"%7B%22duration%22:600,%22iterations%22:1%7D\" data-brz-hover-reversible=\"true\" data-brz-hover-target=\"%22firstChild%22\"><span class=\"brz-icon brz-span brz-css-hjkHO brz-css-tMPXc\"><\/span><\/div>\n<\/div>\n<div class=\"brz-text-btn\">\n<div class=\"brz-rich-text brz-rich-text__custom brz-css-wtmgc\" data-brz-custom-id=\"ahujffyhawqqifvxqbfofznggbogawpkbohk\">\n<div data-brz-translate-text=\"1\">\n<h5 class=\"brz-tp-subtitle brz-css-jePBp\"><span class=\"brz-cp-color8\">Individuelle Trainingspl\u00e4ne<\/span><\/h5>\n<\/div>\n<\/div>\n<\/div>\n<\/div>\n<\/div>\n<div id=\"\" class=\"brz-css-vf5nk brz-css-iqjQg brz-wrapper\">\n<div class=\"brz-icon-text brz-css-tPRKF brz-css-z_S7g\" data-brz-custom-id=\"ixiebyzwfbyvjnbhbncqjxzfgesfqlreuepl\">\n<div class=\"brz-icon__container\" data-brz-custom-id=\"eihfpqjhlllnljcswzozgdyonlxfnzkrzbmq\">\n<div class=\"brz-hover-animation__container\" data-brz-hover-animationid=\"eihfpqjhlllnljcswzozgdyonlxfnzkrzbmq\" data-brz-hover-options=\"%7B%22duration%22:600,%22iterations%22:1%7D\" data-brz-hover-reversible=\"true\" data-brz-hover-target=\"%22firstChild%22\"><span class=\"brz-icon brz-span brz-css-hjkHO brz-css-kmnad\"><\/span><\/div>\n<\/div>\n<div class=\"brz-text-btn\">\n<div class=\"brz-rich-text brz-rich-text__custom brz-css-wtmgc\" data-brz-custom-id=\"rpazkyospzcjrlrvxdpubkdlbdkhrbepszgc\">\n<div data-brz-translate-text=\"1\">\n<h5 class=\"brz-tp-subtitle brz-css-qjmHl\"><span class=\"brz-cp-color8\">Kursangebot<\/span><\/h5>\n<\/div>\n<\/div>\n<\/div>\n<\/div>\n<\/div>\n<div id=\"\" class=\"brz-css-vf5nk brz-css-dIAJf brz-wrapper\">\n<div class=\"brz-icon-text brz-css-tPRKF brz-css-fiqgt\" data-brz-custom-id=\"crqixydkrenamrazjhcrokcatacarmitogdk\">\n<div class=\"brz-icon__container\" data-brz-custom-id=\"lnvtcezgmhueblgvxzkvnvpllutxpwvjqqtg\">\n<div class=\"brz-hover-animation__container\" data-brz-hover-animationid=\"lnvtcezgmhueblgvxzkvnvpllutxpwvjqqtg\" data-brz-hover-options=\"%7B%22duration%22:600,%22iterations%22:1%7D\" data-brz-hover-reversible=\"true\" data-brz-hover-target=\"%22firstChild%22\"><span class=\"brz-icon brz-span brz-css-hjkHO brz-css-zexCq\"><\/span><\/div>\n<\/div>\n<div class=\"brz-text-btn\">\n<div class=\"brz-rich-text brz-rich-text__custom brz-css-wtmgc\" data-brz-custom-id=\"umlxuonymjgvxwnilqymqjcgdiqgfugtmili\">\n<div data-brz-translate-text=\"1\">\n<h5 class=\"brz-tp-subtitle brz-css-aKy8C\"><span class=\"brz-cp-color8\">Und mehr...<\/span><\/h5>\n<\/div>\n<\/div>\n<\/div>\n<\/div>\n<\/div>\n<div id=\"\" class=\"brz-css-vf5nk brz-css-sUrYY brz-css-m5PsO brz-wrapper\">\n<div class=\"brz-spacer brz-css-hDgrm brz-css-tvIe0\"><\/div>\n<\/div>\n<\/div>\n<\/div>\n<\/div>\n<\/div>\n<div class=\"brz-row__container brz-css-kWurR\" data-brz-custom-id=\"qgkxpaqmqkfpcjqhxoregapzozoybeolfybd\">\n<div class=\"brz-bg\"><\/div>\n<div class=\"brz-row brz-row--inner brz-css-ak8hM brz-css-qIzA6\">\n<div class=\"brz-columns brz-css-gJXDW brz-css-yjgMB\" data-brz-custom-id=\"aqwbytqyobaoqqapdjzajugfhemcuoxzkvfd\">\n<div class=\"brz-bg\">\n<div class=\"brz-bg-color\"><\/div>\n<\/div>\n<div class=\"brz-column__items brz-css-uoCPh brz-css-uxLof\">\n<div id=\"\" class=\"brz-css-vf5nk brz-wrapper\">\n<div class=\"brz-rich-text brz-rich-text__custom brz-css-wtmgc\" data-brz-custom-id=\"bfjkdlefbwugobsmvszslakgmvhfjjivguua\">\n<div data-brz-translate-text=\"1\">\n<p class=\"brz-tp-button brz-text-lg-center brz-css-ocpvG\"><span class=\"brz-cp-color8\"><span>Jetzt anmelden<\/span><\/span><\/p>\n<\/div>\n<\/div>\n<\/div>\n<\/div>\n<p><a class=\"brz-a brz-container-link\" href=\"\/de\/proefles\/\" target=\"_self\" rel=\"noopener\" data-brz-link-type=\"external\"><\/a><\/div>\n<\/div>\n<\/div>\n<\/div>\n<\/div>\n<\/div>\n<\/div>\n<div id=\"\" class=\"brz-css-vf5nk brz-css-sUrYY brz-wrapper\">\n<div class=\"brz-spacer brz-css-hDgrm brz-css-nn8iN\"><\/div>\n<\/div>\n<\/div>\n<\/div>\n<\/section>\n<section id=\"_jaonxmloaxauenqahaapgcgjpbkpnbegyauj\" class=\"brz-section brz-css-cx766\">\n<div class=\"brz-section__content brz-section--boxed brz-css-irJIF brz-css-uHxsV\" data-brz-custom-id=\"udfrivjiikxnflkmrljejfinbztgqwlxckkd\">\n<div class=\"brz-bg\">\n<div class=\"brz-bg-color\"><\/div>\n<\/div>\n<div class=\"brz-container brz-css-oueAs\">\n<div id=\"\" class=\"brz-css-vf5nk brz-css-cCIZS brz-wrapper\">\n<div class=\"brz-rich-text brz-rich-text__custom brz-css-wtmgc\" data-brz-custom-id=\"pslouslfgicdhugrvxlpmmqvcdbrpucnlevw\">\n<div data-brz-translate-text=\"1\">\n<h2 class=\"brz-text-lg-left brz-tp-lg-heading3 brz-css-eZfyv\" data-generated-css=\"brz-css-ydzml\" data-uniq-id=\"xrkwb\"><span class=\"brz-cp-color2\">M\u00f6chest du dich anmelden oder mehr \u00fcber Bauchmuskeltraining?<\/span><\/h2>\n<\/div>\n<\/div>\n<\/div>\n<div id=\"\" class=\"brz-css-vf5nk brz-wrapper\">\n<div class=\"brz-rich-text brz-rich-text__custom brz-css-wtmgc\" data-brz-custom-id=\"nziigobehwrmeqydvjuiweyhjxhbeepoxirj\">\n<div data-brz-translate-text=\"1\">\n<p class=\"brz-tp-lg-paragraph brz-css-vNEYJ\" data-generated-css=\"brz-css-wtuzn\" data-uniq-id=\"ameeo\"><span>\u00dcberzeugt und Lust, mit dem Bauchmuskeltraining zu beginnen? Dann melde dich f\u00fcr eine <\/span><a class=\"link--external\" href=\"\/de\/proefles\/\" data-brz-link-type=\"external\">Probestunde<\/a><span>. Keine Probestunde erforderlich, sondern ein Mitglied von Ponsen <\/span><a class=\"link--external\" href=\"\/de\/aanmelden\/\" data-brz-link-type=\"external\">hier <\/a><span>kannst du dich f\u00fcr eine Mitgliedschaft anmelden. Den aktuellen Gruppenzeiten und die Unterrichtszeiten findest du in der <\/span><a class=\"link--external\" href=\"\/de\/lestijden\/\" data-brz-link-type=\"external\">Gruppen \u00fcbersicht<\/a><span>.<\/span><\/p>\n<p class=\"brz-tp-lg-paragraph brz-css-x8srM\" data-generated-css=\"brz-css-vsnkz\" data-uniq-id=\"jdmzq\"><span>Hast du noch Fragen? Bitte nehme Kontakt mit uns auf oder frage einen unserer Fitnesstrainer.<\/span><\/p>\n<\/div>\n<\/div>\n<\/div>\n<div class=\"brz-wrapper-clone brz-css-eBsdT\">\n<div class=\"brz-d-xs-flex brz-flex-xs-wrap brz-css-jlic5 brz-css-ewnev\" data-brz-custom-id=\"\">\n<div class=\"brz-wrapper-clone__item\" id=\"yjvuihhwkuntlsycjqvljyzkvsqjrifdpyet\">\n<div class=\"brz-hover-animation__container\" data-brz-hover-animationid=\"wchwtgueuxqwbdzkoydsabvtiptzfusvxslw\" data-brz-hover-options=\"%7B%22duration%22:600,%22iterations%22:1%7D\" data-brz-hover-reversible=\"true\" data-brz-hover-target=\"%22firstChild%22\"><a class=\"brz-a brz-btn brz-css-y9SWK brz-css-zxdMF brz-css-oC_in brz-css-iExGi\" href=\"\/de\/groepslessen\/\" target=\"_self\" rel=\"noopener\" data-brz-link-type=\"external\" data-brz-custom-id=\"yjvuihhwkuntlsycjqvljyzkvsqjrifdpyet\"><span data-brz-translate-text=\"1\" class=\"brz-span brz-text__editor\">Alle Gruppenzeiten<\/span><\/a><\/div>\n<\/div>\n<\/div>\n<\/div>\n<\/div>\n<\/div>\n<\/section>\n<\/div>\n<p>    <!-- version:1731940566 --><\/p>","protected":false},"excerpt":{"rendered":"<p>Gezellig en ontspannen sporten doe je bij Ponsen! Wij staan klaar voor je om jouw persoonlijke doelen te bereiken! Wat is buikspierkwartier? 15 minuten [&hellip;]<\/p>\n","protected":false},"author":1,"featured_media":0,"parent":0,"menu_order":0,"comment_status":"closed","ping_status":"closed","template":"brizy-blank-template.php","meta":{"inline_featured_image":false,"site-sidebar-layout":"default","site-content-layout":"","ast-site-content-layout":"default","site-content-style":"default","site-sidebar-style":"default","ast-global-header-display":"","ast-banner-title-visibility":"","ast-main-header-display":"","ast-hfb-above-header-display":"","ast-hfb-below-header-display":"","ast-hfb-mobile-header-display":"","site-post-title":"","ast-breadcrumbs-content":"","ast-featured-img":"","footer-sml-layout":"","ast-disable-related-posts":"","theme-transparent-header-meta":"","adv-header-id-meta":"","stick-header-meta":"","header-above-stick-meta":"","header-main-stick-meta":"","header-below-stick-meta":"","astra-migrate-meta-layouts":"default","ast-page-background-enabled":"default","ast-page-background-meta":{"desktop":{"background-color":"","background-image":"","background-repeat":"repeat","background-position":"center center","background-size":"auto","background-attachment":"scroll","background-type":"","background-media":"","overlay-type":"","overlay-color":"","overlay-opacity":"","overlay-gradient":""},"tablet":{"background-color":"","background-image":"","background-repeat":"repeat","background-position":"center center","background-size":"auto","background-attachment":"scroll","background-type":"","background-media":"","overlay-type":"","overlay-color":"","overlay-opacity":"","overlay-gradient":""},"mobile":{"background-color":"","background-image":"","background-repeat":"repeat","background-position":"center center","background-size":"auto","background-attachment":"scroll","background-type":"","background-media":"","overlay-type":"","overlay-color":"","overlay-opacity":"","overlay-gradient":""}},"ast-content-background-meta":{"desktop":{"background-color":"var(--ast-global-color-5)","background-image":"","background-repeat":"repeat","background-position":"center center","background-size":"auto","background-attachment":"scroll","background-type":"","background-media":"","overlay-type":"","overlay-color":"","overlay-opacity":"","overlay-gradient":""},"tablet":{"background-color":"var(--ast-global-color-5)","background-image":"","background-repeat":"repeat","background-position":"center center","background-size":"auto","background-attachment":"scroll","background-type":"","background-media":"","overlay-type":"","overlay-color":"","overlay-opacity":"","overlay-gradient":""},"mobile":{"background-color":"var(--ast-global-color-5)","background-image":"","background-repeat":"repeat","background-position":"center center","background-size":"auto","background-attachment":"scroll","background-type":"","background-media":"","overlay-type":"","overlay-color":"","overlay-opacity":"","overlay-gradient":""}},"footnotes":""},"class_list":["post-23452","page","type-page","status-publish","hentry"],"brizy_media":[{"id":29546,"url":"https:\/\/ponsensport.nl\/wp-content\/uploads\/2022\/05\/Buikspier.jpg","name":"Buikspier.jpg","meta":{"brizy_attachment_uid":"wp-2155da68a82d63a88453109db7eecf04.jpg","brizy_post_uid":["6d4259f2538a6a78a3c923a49192bf5d","b6cb8ad2d518a0aa6a60c6b32bb98706","178c6bf39b929c43fca717e593c4ee20"]}}],"_links":{"self":[{"href":"https:\/\/ponsensport.nl\/de\/wp-json\/wp\/v2\/pages\/23452","targetHints":{"allow":["GET"]}}],"collection":[{"href":"https:\/\/ponsensport.nl\/de\/wp-json\/wp\/v2\/pages"}],"about":[{"href":"https:\/\/ponsensport.nl\/de\/wp-json\/wp\/v2\/types\/page"}],"author":[{"embeddable":true,"href":"https:\/\/ponsensport.nl\/de\/wp-json\/wp\/v2\/users\/1"}],"replies":[{"embeddable":true,"href":"https:\/\/ponsensport.nl\/de\/wp-json\/wp\/v2\/comments?post=23452"}],"version-history":[{"count":0,"href":"https:\/\/ponsensport.nl\/de\/wp-json\/wp\/v2\/pages\/23452\/revisions"}],"wp:attachment":[{"href":"https:\/\/ponsensport.nl\/de\/wp-json\/wp\/v2\/media?parent=23452"}],"curies":[{"name":"wp","href":"https:\/\/api.w.org\/{rel}","templated":true}]}}