{"id":18237,"date":"2021-09-06T16:07:38","date_gmt":"2021-09-06T16:07:38","guid":{"rendered":"https:\/\/ponsensport.nl\/?page_id=18237"},"modified":"2026-04-14T07:37:45","modified_gmt":"2026-04-14T07:37:45","slug":"yin-yoga","status":"publish","type":"page","link":"https:\/\/ponsensport.nl\/de\/yin-yoga\/","title":{"rendered":"Yin Yoga"},"content":{"rendered":"<div class=\"brz-root__container brz-reset-all brz brz-root__container-page\">\n<section id=\"980696118b4ebc562c05_udnukhxyvrrbxwbpbrosufffisyqijxgyrmq\" class=\"brz-section brz-css-ho0aah\">\n<div class=\"brz-section__content brz-section--boxed brz-css-1818ru5 brz-css-11tj4h4\" data-brz-custom-id=\"glmrcurbdagvvpcxiwqrnpmyviixjkrejenf\">\n<div class=\"brz-bg\">\n<div class=\"brz-bg-color\"><\/div>\n<\/div>\n<div class=\"brz-container brz-css-1l0h4jh\">\n<div class=\"brz-row__container brz-css-1oggf5s\" data-brz-custom-id=\"dcpwwwjsvdqwgbqqjvwpltjmxhtyikxvqkqa\">\n<div class=\"brz-bg\"><\/div>\n<div class=\"brz-row brz-css-hdvnxe brz-css-16z7p3b\">\n<div class=\"brz-columns brz-css-si2hjm brz-css-12f4gzd\" data-brz-custom-id=\"qafufvbiasmscaqypzxtscpgicfmsalwqjms\">\n<div class=\"brz-bg\">\n<div class=\"brz-bg-image\"><\/div>\n<\/div>\n<div class=\"brz-column__items brz-css-1q3le5 brz-css-18r4dq3\">\n<div id=\"\" class=\"brz-css-1flypce brz-css-q5v6w8 brz-wrapper\">\n<div class=\"brz-spacer brz-css-kkqg8h brz-css-cy5ayy\"><\/div>\n<\/div>\n<div class=\"brz-row__container brz-css-1oggf5s\" data-brz-custom-id=\"jjuwlgsntzjibhppbgztmywpejymembzjfln\">\n<div class=\"brz-bg\"><\/div>\n<div class=\"brz-row brz-row--inner brz-css-hdvnxe brz-css-16z7p3b\">\n<div class=\"brz-columns brz-css-si2hjm brz-css-1lkgz1h\" data-brz-custom-id=\"zsexalxwkkyjeoranjaiupagqjzsccwelkgm\">\n<div class=\"brz-bg\">\n<div class=\"brz-bg-color\"><\/div>\n<\/div>\n<div class=\"brz-column__items brz-css-1q3le5 brz-css-t8zwn9\">\n<div id=\"\" class=\"brz-css-1flypce brz-css-13w0dpl brz-wrapper\">\n<div class=\"brz-rich-text brz-rich-text__custom brz-css-157579h\" data-brz-custom-id=\"erqlgeslkdvkxhxugsughxsygkmbmdnswuzw\">\n<div data-brz-translate-text=\"1\">\n<p class=\"brz-tp-lg-heading2 brz-css-dk_8n\" data-uniq-id=\"kmasb\" data-generated-css=\"brz-css-difyu\"><span class=\"brz-cp-color8\">Bei Ponsen trainierst Du in gem\u00fctlicher und entspannter Atmosph\u00e4re!<\/span><\/p>\n<\/div>\n<\/div>\n<\/div>\n<div id=\"\" class=\"brz-css-1flypce brz-css-1vx8cbs brz-wrapper\">\n<div class=\"brz-rich-text brz-rich-text__custom brz-css-157579h\" data-brz-custom-id=\"oxysextwhavrvlrzbxzswhqmlqrxzsaqfapb\">\n<div data-brz-translate-text=\"1\">\n<p class=\"brz-ft-upload brz-ff-lktwpsqzihkmjjpxnwnmrddxqblukadakxcs brz-lh-lg-1_8 brz-lh-sm-1_5 brz-lh-xs-1_5 brz-fs-lg-17 brz-fs-sm-17 brz-fs-xs-17 brz-ls-lg-0 brz-ls-sm-0 brz-ls-xs-0 brz-fw-lg-300 brz-fw-sm-300 brz-fw-xs-300 brz-css-qxyuH\" data-uniq-id=\"wfngm\" data-generated-css=\"brz-css-aulsa\"><span>Das Team von Ponsen steht bereit, Dir zu helfen, Deine pers\u00f6nlichen Ziele zu erreichen.<\/span><\/p>\n<\/div>\n<\/div>\n<\/div>\n<\/div>\n<\/div>\n<\/div>\n<\/div>\n<\/div>\n<\/div>\n<\/div>\n<\/div>\n<\/div>\n<\/div>\n<\/section>\n<section id=\"5bf31f4a5637185edab0_ekyhlxijrzbwtoxtlplmgdizlxyiztiriiet\" class=\"brz-section brz-css-ho0aah\">\n<div class=\"brz-section__content brz-section--boxed brz-css-1818ru5 brz-css-b4yeeo\" data-brz-custom-id=\"gwkspuapvtkulxluiqjqvlngqbtghimqkacr\">\n<div class=\"brz-bg\">\n<div class=\"brz-bg-color\"><\/div>\n<\/div>\n<div class=\"brz-container brz-css-1l0h4jh\">\n<div id=\"\" class=\"brz-css-1flypce brz-wrapper\">\n<div class=\"brz-wp-title brz-css-y0wugv brz-css-1k9xrrm\" data-brz-custom-id=\"lvbjyzqbxrkpheblocyhduloyaetvyupswak\"><span class=\"brz-wp-title-content\" style=\"min-height:20px\">Yin Yoga<\/span><\/div>\n<\/div>\n<div class=\"brz-row__container brz-css-1oggf5s\" data-brz-custom-id=\"scwlxlywhvojqjsjogjeluokwtregmyvextf\">\n<div class=\"brz-bg\"><\/div>\n<div class=\"brz-row brz-css-hdvnxe brz-css-16z7p3b\">\n<div class=\"brz-columns brz-css-si2hjm brz-css-1f12yxj\" data-brz-custom-id=\"eaejqsswcdzggcwnpuchvmnuubnstjlbavjs\">\n<div class=\"brz-bg\"><\/div>\n<div class=\"brz-column__items brz-css-1q3le5 brz-css-1llfmke\">\n<div id=\"\" class=\"brz-css-1flypce brz-css-atvbaf brz-wrapper\">\n<div class=\"brz-rich-text brz-rich-text__custom brz-css-157579h\" data-brz-custom-id=\"arxrahvimciehzqbxnrupzksbbwoarvukspw\">\n<div data-brz-translate-text=\"1\">\n<h2 class=\"brz-tp-lg-heading2 brz-text-lg-left brz-css-fj_Kf\" data-generated-css=\"brz-css-nP4hf\" data-uniq-id=\"uAfqc\">Was ist Yoga?<\/h2>\n<\/div>\n<\/div>\n<\/div>\n<div id=\"\" class=\"brz-css-1flypce brz-wrapper\">\n<div class=\"brz-rich-text brz-rich-text__custom brz-css-157579h\" data-brz-custom-id=\"jpiqvywvjfbzlbkezyneaiskfroghgzkgmob\">\n<div data-brz-translate-text=\"1\">\n<p class=\"brz-tp-lg-paragraph brz-css-ew_Uo\" data-generated-css=\"brz-css-jTkId\" data-uniq-id=\"zTSlF\">Yoga ist eine ganzheitliche Praxis, die vor mehr als 5.000 Jahren in Indien entstanden ist. Yoga kombiniert \u00dcbungen zur K\u00f6rperhaltung, Atemtechniken und Meditation, um sowohl den K\u00f6rper als auch den Geist zu st\u00e4rken und zu beruhigen. Yoga ist nicht nur eine Form der k\u00f6rperlichen Ert\u00fcchtigung, sondern auch ein Weg, innere Ruhe und Ausgeglichenheit zu finden.<\/p>\n<p class=\"brz-tp-lg-paragraph brz-css-qhuZD\" data-generated-css=\"brz-css-xfq0g\" data-uniq-id=\"bdcDt\">\n<p class=\"brz-tp-lg-paragraph brz-css-s1_9r\" data-generated-css=\"brz-css-zjJ33\" data-uniq-id=\"lkAHB\">In einer Yogastunde kommen mehrere k\u00f6rperliche Aspekte zusammen. Zun\u00e4chst gibt es die \u00dcbungen zu den K\u00f6rperhaltungen. In einer Yogastunde werden verschiedene Haltungen eingenommen, welche die Flexibilit\u00e4t, die Kraft und das Gleichgewicht verbessern. Weiter geht es um die Atmung. Atemtechniken helfen, die Atmung zu kontrollieren. Das ist wichtig f\u00fcr die Entspannung und die Energiezufuhr. Schlie\u00dflich geht es auch um Entspannung. Die Yogastunden enden in der Regel mit einer Phase der Tiefenentspannung.<\/p>\n<p class=\"brz-tp-lg-paragraph brz-css-qBzjh\" data-generated-css=\"brz-css-pIwzD\" data-uniq-id=\"mB0pv\">\n<p class=\"brz-tp-lg-paragraph brz-css-bozki\" data-generated-css=\"brz-css-gAzTi\" data-uniq-id=\"q5eEd\">Yoga bietet auch mentale und emotionale Vorteile.<\/p>\n<p class=\"brz-tp-lg-paragraph brz-css-ey2xe\" data-uniq-id=\"wNR_b\" data-generated-css=\"brz-css-uEXbS\">Durch Atemtechniken und Meditation hilft Yoga, Stress und \u00c4ngste abzubauen. Au\u00dferdem wirst du merken, dass regelm\u00e4\u00dfiges Ausf\u00fchren von Yoga die Konzentration und geistige Klarheit verbessern kann. Meditation und Achtsamkeit f\u00f6rdern auch ein Gef\u00fchl von innerem Frieden und Wohlbefinden. <\/p>\n<\/div>\n<\/div>\n<\/div>\n<div id=\"\" class=\"brz-css-1flypce brz-wrapper\">\n<div class=\"brz-rich-text brz-rich-text__custom brz-css-157579h\" data-brz-custom-id=\"agbglznfwiizsmcgdnyvhrgroweiamrdzswn\">\n<div data-brz-translate-text=\"1\">\n<p class=\"brz-tp-lg-heading3 brz-css-nca8a\" data-generated-css=\"brz-css-oXy6T\" data-uniq-id=\"d4xRT\"><span class=\"brz-cp-color7\">Warum Yoga? <\/span><\/p>\n<\/div>\n<\/div>\n<\/div>\n<div id=\"\" class=\"brz-css-1flypce brz-wrapper\">\n<div class=\"brz-rich-text brz-rich-text__custom brz-css-157579h\" data-brz-custom-id=\"pnipbevduxokitaydgeuiytxncfztucnlpmn\">\n<div data-brz-translate-text=\"1\">\n<p class=\"brz-tp-lg-paragraph brz-css-tNHDA\" data-generated-css=\"brz-css-eL81R\" data-uniq-id=\"qYA2h\">Yoga kann von jedem praktiziert werden, unabh\u00e4ngig von Alter und Fitness. Es kann dazu beitragen, die allgemeine Gesundheit zu verbessern, chronische Schmerzen zu lindern, den Schlaf zu verbessern und die K\u00f6rperhaltung und -ausrichtung zu verbessern. Ganz gleich, ob du k\u00f6rperliche Fitness, geistige Ruhe oder emotionales Gleichgewicht anstrebst: Yoga bietet einen vielseitigen Ansatz f\u00fcr dein allgemeines Wohlbefinden.<\/p>\n<\/div>\n<\/div>\n<\/div>\n<div id=\"\" class=\"brz-css-1flypce brz-wrapper\">\n<div class=\"brz-rich-text brz-rich-text__custom brz-css-157579h\" data-brz-custom-id=\"kxbsNTF5k16Z\">\n<div data-brz-translate-text=\"1\">\n<p class=\"brz-tp-lg-heading3 brz-css-vOfaC\" data-uniq-id=\"z6TlO\" data-generated-css=\"brz-css-bYv_T\"><span class=\"brz-cp-color7\">Was ist Yin Yoga? <\/span><\/p>\n<\/div>\n<\/div>\n<\/div>\n<div id=\"\" class=\"brz-css-1flypce brz-wrapper\">\n<div class=\"brz-rich-text brz-rich-text__custom brz-css-157579h\" data-brz-custom-id=\"kbkgdgcpabxvsdnxledtoequyzxlbfuosyvl\">\n<div data-brz-translate-text=\"1\">\n<p class=\"brz-tp-lg-paragraph brz-css-wosBf\" data-generated-css=\"brz-css-yWDd7\" data-uniq-id=\"aPfj2\">Yin Yoga ist eine ruhige und meditative Form des Yoga, bei der die Haltungen im Vergleich zum Hatha Yoga l\u00e4nger gehalten werden. Bei dieser Form des Yoga liegt der Schwerpunkt auf tiefen Dehnungen, die eher das Bindegewebe wie Gelenke, B\u00e4nder und Faszien als die Muskeln dehnen und st\u00e4rken. Yin Yoga f\u00f6rdert tiefe Entspannung und Geduld und hilft, die Flexibilit\u00e4t durch die verl\u00e4ngerten Haltungen zu erh\u00f6hen.<\/p>\n<\/div>\n<\/div>\n<\/div>\n<\/div>\n<\/div>\n<div class=\"brz-columns brz-css-si2hjm brz-css-g1zorz\" data-brz-custom-id=\"cnghcywbfbtyaprbvowxyfjftnebvwhrrltr\">\n<div class=\"brz-bg\"><\/div>\n<div class=\"brz-column__items brz-css-1q3le5 brz-css-4610iq\">\n<div class=\"brz-row__container brz-css-1oggf5s\" data-brz-custom-id=\"aaqzoaxfcyjxknrboaaaplgeljkllpjtxqpl\">\n<div class=\"brz-bg\"><\/div>\n<div class=\"brz-row brz-row--inner brz-css-hdvnxe brz-css-16z7p3b\">\n<div class=\"brz-columns brz-css-si2hjm brz-css-1fjggzv\" data-brz-custom-id=\"xyzehvwgslvmdextrxiopcocdfrqrvlkietb\">\n<div class=\"brz-bg\">\n<div class=\"brz-bg-color\"><\/div>\n<\/div>\n<div class=\"brz-column__items brz-css-1q3le5 brz-css-gg37rp\">\n<div id=\"\" class=\"brz-css-1flypce brz-css-q5v6w8 brz-css-9xdn3j brz-wrapper\">\n<div class=\"brz-spacer brz-css-kkqg8h brz-css-oralg3\"><\/div>\n<\/div>\n<div id=\"\" class=\"brz-css-1flypce brz-css-re743n brz-wrapper\">\n<div class=\"brz-rich-text brz-rich-text__custom brz-css-157579h\" data-brz-custom-id=\"sghkafliqpqpiyzmgmjbqfedwnzneevabbxy\">\n<div data-brz-translate-text=\"1\">\n<p class=\"brz-tp-lg-heading2 brz-text-xs-left brz-text-lg-left brz-css-k_jzI\" data-uniq-id=\"kdgxm\" data-generated-css=\"brz-css-bhdtc\"><span class=\"brz-cp-color8\">Probetraining<\/span><\/p>\n<\/div>\n<\/div>\n<\/div>\n<div id=\"\" class=\"brz-css-1flypce brz-css-q5v6w8 brz-css-hkzpp1 brz-wrapper\">\n<div class=\"brz-spacer brz-css-kkqg8h brz-css-l3jmxi\"><\/div>\n<\/div>\n<div id=\"\" class=\"brz-css-1flypce brz-css-13t7f0k brz-wrapper\">\n<div class=\"brz-icon-text brz-css-uk2a67 brz-css-npielz\" data-brz-custom-id=\"poowyswwdhgtsytafibimfbafukyurwbyhde\">\n<div class=\"brz-icon__container\" data-brz-custom-id=\"nkzgykmislrjsmmvympyxfwkgnauomoqjvlr\"><span class=\"brz-icon brz-span brz-css-22takh brz-css-fivssf\"><\/span><\/div>\n<div class=\"brz-text-btn\">\n<div class=\"brz-rich-text brz-rich-text__custom brz-css-157579h\" data-brz-custom-id=\"xssussexflrllwzynpwisxesiqohbatxttyj\">\n<div data-brz-translate-text=\"1\">\n<h5 class=\"brz-tp-subtitle brz-css-nUCrE\"><span class=\"brz-cp-color8\">Pers\u00f6nliches Coaching<\/span><\/h5>\n<\/div>\n<\/div>\n<\/div>\n<\/div>\n<\/div>\n<div id=\"\" class=\"brz-css-1flypce brz-css-jjfw8d brz-wrapper\">\n<div class=\"brz-icon-text brz-css-uk2a67 brz-css-3le7z7\" data-brz-custom-id=\"ogznnzzhwfovkhutwdwkphnsaeqgjqtgekyn\">\n<div class=\"brz-icon__container\" data-brz-custom-id=\"inxwrvkrgsjhmooikanvbfpnboluqqfmgnpk\"><span class=\"brz-icon brz-span brz-css-22takh brz-css-1t5nhxe\"><\/span><\/div>\n<div class=\"brz-text-btn\">\n<div class=\"brz-rich-text brz-rich-text__custom brz-css-157579h\" data-brz-custom-id=\"ytgvmxrbcoazvjvpnxbjlllepweflrpyfirn\">\n<div data-brz-translate-text=\"1\">\n<h5 class=\"brz-tp-subtitle brz-css-a2leN\"><span class=\"brz-cp-color8\">Individuelle Trainingspl\u00e4ne<\/span><\/h5>\n<\/div>\n<\/div>\n<\/div>\n<\/div>\n<\/div>\n<div id=\"\" class=\"brz-css-1flypce brz-css-tua9zs brz-wrapper\">\n<div class=\"brz-icon-text brz-css-uk2a67 brz-css-isn1jx\" data-brz-custom-id=\"dskbciiuxwshkvmxjuzesjchsovtfsehzbfr\">\n<div class=\"brz-icon__container\" data-brz-custom-id=\"dinpnctwwlkdypxudwnqmtkljgjxjdqdvrke\"><span class=\"brz-icon brz-span brz-css-22takh brz-css-184gsh1\"><\/span><\/div>\n<div class=\"brz-text-btn\">\n<div class=\"brz-rich-text brz-rich-text__custom brz-css-157579h\" data-brz-custom-id=\"nfgfxjqazobbfxsnybklbwztzncymswkvepf\">\n<div data-brz-translate-text=\"1\">\n<h5 class=\"brz-tp-subtitle brz-css-fGERs\"><span class=\"brz-cp-color8\">Kursangebot<\/span><\/h5>\n<\/div>\n<\/div>\n<\/div>\n<\/div>\n<\/div>\n<div id=\"\" class=\"brz-css-1flypce brz-css-1lic8ij brz-wrapper\">\n<div class=\"brz-icon-text brz-css-uk2a67 brz-css-1pt9uve\" data-brz-custom-id=\"kxvgjplwjaxkzodixfydesyslcjmvibxyzoq\">\n<div class=\"brz-icon__container\" data-brz-custom-id=\"lasixsxtbnppsqbuieycetziguhdizaklowy\"><span class=\"brz-icon brz-span brz-css-22takh brz-css-mdhdp9\"><\/span><\/div>\n<div class=\"brz-text-btn\">\n<div class=\"brz-rich-text brz-rich-text__custom brz-css-157579h\" data-brz-custom-id=\"yvakdjwpqrpqxqavjqpbxseuyestliozwcew\">\n<div data-brz-translate-text=\"1\">\n<h5 class=\"brz-tp-subtitle brz-css-fg9d7\"><span class=\"brz-cp-color8\">Und mehr...<\/span><\/h5>\n<\/div>\n<\/div>\n<\/div>\n<\/div>\n<\/div>\n<div id=\"\" class=\"brz-css-1flypce brz-css-q5v6w8 brz-css-1syybmd brz-wrapper\">\n<div class=\"brz-spacer brz-css-kkqg8h brz-css-82szse\"><\/div>\n<\/div>\n<\/div>\n<\/div>\n<\/div>\n<\/div>\n<div class=\"brz-row__container brz-css-1oggf5s\" data-brz-custom-id=\"dpywyrirzgcwzylyhtrxczxatrajtscqadak\">\n<div class=\"brz-bg\"><\/div>\n<div class=\"brz-row brz-row--inner brz-css-hdvnxe brz-css-16z7p3b\">\n<div class=\"brz-columns brz-css-si2hjm brz-css-ba4uqo\" data-brz-custom-id=\"fedkjpjcirkskqculyibmerxigvbadgsfkjb\">\n<div class=\"brz-bg\">\n<div class=\"brz-bg-color\"><\/div>\n<\/div>\n<div class=\"brz-column__items brz-css-1q3le5 brz-css-7koc56\">\n<div id=\"\" class=\"brz-css-1flypce brz-wrapper\">\n<div class=\"brz-rich-text brz-rich-text__custom brz-css-157579h\" data-brz-custom-id=\"jpotghthhgaoqpofyagbpcxbinujhpnrpyui\">\n<div data-brz-translate-text=\"1\">\n<p class=\"brz-tp-button brz-text-lg-center brz-css-mnqnZ\"><span class=\"brz-cp-color8\"><span>Jetzt anmelden<\/span><\/span><\/p>\n<\/div>\n<\/div>\n<\/div>\n<\/div>\n<p><a class=\"brz-a brz-container-link\" href=\"https:\/\/ponsensport.nl\/de\/proefles\/\" target=\"_self\" rel=\"noopener\" data-brz-link-type=\"external\"><\/a><\/div>\n<\/div>\n<\/div>\n<\/div>\n<\/div>\n<\/div>\n<\/div>\n<div id=\"\" class=\"brz-css-1flypce brz-css-1084uvd brz-wrapper\">\n<div class=\"brz-rich-text brz-rich-text__custom brz-css-157579h\" data-brz-custom-id=\"luogpmrmvzhlmbnskijhjobtixhrysuufiwr\">\n<div data-brz-translate-text=\"1\">\n<h2 class=\"brz-text-lg-left brz-tp-lg-heading3 brz-css-d0DjG\" data-generated-css=\"brz-css-rlpjw\" data-uniq-id=\"sjzhr\"><span class=\"brz-cp-color2\">Anmelden oder mehr Informationen \u00fcber Yin Yoga?<\/span><\/h2>\n<\/div>\n<\/div>\n<\/div>\n<div id=\"\" class=\"brz-css-1flypce brz-wrapper\">\n<div class=\"brz-rich-text brz-rich-text__custom brz-css-157579h\" data-brz-custom-id=\"lrokkhxalwtktrmtuqchiocdzfdfloiigorm\">\n<div data-brz-translate-text=\"1\">\n<p class=\"brz-tp-lg-paragraph brz-css-id6yw\" data-generated-css=\"brz-css-adpro\" data-uniq-id=\"sdkty\"><span>\u00dcberzeugt und Lust um mit Hatha Yoga an zu fangen? Dann melde dich an f\u00fcr eine <\/span><a class=\"link--external\" href=\"\/de\/proefles\/\" data-brz-link-type=\"external\">Probestunde<\/a><span>. Keine Probestunde erforderlich, sondern ein Mitglied von Ponsen <\/span><a class=\"link--external\" href=\"\/de\/aanmelden\/\" data-brz-link-type=\"external\">hier <\/a><span>kannst du dich f\u00fcr eine Mitgliedschaft anmelden. Den aktuellen Gruppenzeiten und die Unterrichtszeiten findest du in der <\/span><a class=\"link--external\" href=\"\/de\/lestijden\/\" data-brz-link-type=\"external\">Gruppen \u00fcbersicht<\/a><span>.<\/span><\/p>\n<p class=\"brz-tp-lg-paragraph brz-css-xieN7\" data-generated-css=\"brz-css-xkxmj\" data-uniq-id=\"oopxs\"><span>Hast du noch Fragen? Bitte nehme Kontakt mit uns auf oder frage einen unserer Fitnesstrainer.<\/span><\/p>\n<p class=\"brz-css-kCPuC\"><\/p>\n<\/div>\n<\/div>\n<\/div>\n<div class=\"brz-wrapper-clone brz-css-blc66m\">\n<div class=\"brz-d-xs-flex brz-flex-xs-wrap brz-css-11ftuqy brz-css-1w16nqo\" data-brz-custom-id=\"\">\n<div class=\"brz-wrapper-clone__item\" id=\"dkjduizebgkzfshydzajmrkewcpstcnlurfo\"><a class=\"brz-a brz-btn brz-css-1ldfp4b brz-css-1tbycdm brz-css-2bxvf5 brz-css-1nvejfn\" href=\"\/de\/groepslessen\/\" target=\"_self\" rel=\"noopener\" data-brz-link-type=\"external\" data-brz-custom-id=\"dkjduizebgkzfshydzajmrkewcpstcnlurfo\"><span data-brz-translate-text=\"1\" class=\"brz-span brz-text__editor\">Alle Gruppenzeiten<\/span><\/a><\/div>\n<\/div>\n<\/div>\n<\/div>\n<\/div>\n<\/section>\n<section id=\"00753a5348592bcce94d_lhhkbgacrmfqbudxcpcupxradmspipwoztof\" class=\"brz-section brz-css-ho0aah\">\n<div class=\"brz-section__content brz-section--boxed brz-css-1818ru5 brz-css-1vixxpq\" data-brz-custom-id=\"yaavaofhsaszeerqsbshyfkwvmyodqgwbxag\">\n<div class=\"brz-bg\">\n<div class=\"brz-bg-color\"><\/div>\n<\/div>\n<div class=\"brz-container brz-css-1l0h4jh\">\n<div class=\"brz-row__container brz-css-1oggf5s\" data-brz-custom-id=\"iyijmjzytlmxxzidfinhditdziutthgefvft\">\n<div class=\"brz-bg\"><\/div>\n<div class=\"brz-row brz-css-hdvnxe brz-css-16z7p3b\">\n<div class=\"brz-columns brz-css-si2hjm brz-css-burglq\" data-brz-custom-id=\"grbocglccqrrdkktmlaufmyxzuxnqnlzwbpl\">\n<div class=\"brz-bg\">\n<div class=\"brz-bg-color\"><\/div>\n<\/div>\n<div class=\"brz-column__items brz-css-1q3le5 brz-css-kg3b7v\">\n<div id=\"\" class=\"brz-css-1flypce brz-css-1q2jce4 brz-wrapper\">\n<div class=\"brz-rich-text brz-rich-text__custom brz-css-157579h\" data-brz-custom-id=\"rjjrqjrmveeckctlznaqfmwlfqcpfamidhpv\">\n<div data-brz-translate-text=\"1\">\n<h3 class=\"brz-text-lg-center brz-tp-heading2 brz-css-iMrXA\"><span class=\"brz-cp-color2\">Probetraining<\/span><\/h3>\n<\/div>\n<\/div>\n<\/div>\n<div id=\"\" class=\"brz-css-1flypce brz-css-1s7ghk2 brz-wrapper\">\n<div class=\"brz-rich-text brz-rich-text__custom brz-css-157579h\" data-brz-custom-id=\"yzgxdcrtlbptebcrnytkvqazypdgqlfwcesz\">\n<div data-brz-translate-text=\"1\">\n<p class=\"brz-tp-subtitle brz-text-lg-center brz-css-xigV1\"><span class=\"brz-cp-color2\">Bei unserem ersten Treffen nehmen wir uns viel Zeit, um dir ein pers\u00f6nliches Probetraining zu geben und herauszufinden was deine pers\u00f6nlichen Ziele sind. Vereinbare doch gerne ein kostenloses und unverbindliches Probetraining!<\/span><\/p>\n<\/div>\n<\/div>\n<\/div>\n<div id=\"\" class=\"brz-css-1flypce brz-css-q5v6w8 brz-css-11hjh6z brz-wrapper\">\n<div class=\"brz-spacer brz-css-kkqg8h brz-css-1ol18h0\"><\/div>\n<\/div>\n<div id=\"\" class=\"brz-css-1flypce brz-css-1miujvp brz-wrapper\">\n<div data-brz-form-version=\"2\" class=\"brz-forms2 brz-css-k5b9i brz-css-nzkjmf\" data-brz-custom-id=\"gvxjutzsqpgbfzckotcewnrndsrsghkqxprv\">\n<div data-brz-translate-text=\"1\" class=\"brz-forms2__item brz-css-1jwqnlc brz-css-rzvb4p brz-css-7ka2ht brz-css-147vt76\"><\/div>\n<div data-brz-translate-text=\"1\" class=\"brz-forms2__item brz-css-1jwqnlc brz-css-rzvb4p brz-css-7ka2ht brz-css-piletk\"><\/div>\n<div data-brz-translate-text=\"1\" class=\"brz-forms2__item brz-css-1jwqnlc brz-css-rzvb4p brz-css-7ka2ht brz-css-1qawp11\"><\/div>\n<div data-brz-translate-text=\"1\" class=\"brz-forms2__item brz-css-1jwqnlc brz-css-rzvb4p brz-css-7ka2ht brz-css-mto9m0\"><\/div>\n<div data-brz-translate-text=\"1\" class=\"brz-forms2__item brz-css-1jwqnlc brz-css-rzvb4p brz-css-7ka2ht\">\n<div class=\"brz-forms2__field brz-forms2__field-select brz-css-kiwcjc brz-css-1iakpec\">Hoe kunnen we je het beste bereiken?TelefoonnummerE-mailadres<\/div>\n<\/div>\n<div data-brz-translate-text=\"1\" class=\"brz-forms2__item brz-css-1jwqnlc brz-css-rzvb4p brz-css-7ka2ht\"><\/div>\n<div class=\"brz-forms2 brz-forms2__item brz-forms2__item-button\" data-brz-custom-id=\"gvxjutzsqpgbfzckotcewnrndsrsghkqxprv\"><button class=\"brz-btn brz-btn-submit brz-css-2bxvf5 brz-css-y89vs1\" data-brz-custom-id=\"fqrciaqbjokppljbsgrmymeavqmsgtoqweez\"><span data-brz-translate-text=\"1\" class=\"brz-span brz-text__editor\">Anmelden<\/span><\/button><\/div>\n<div class=\"brz-g-recaptcha\" data-sitekey=\"\" data-size=\"invisible\" data-callback=\"brzFormV2Captcha\"><\/div>\n<\/div>\n<\/div>\n<div id=\"\" class=\"brz-css-1flypce brz-css-q5v6w8 brz-wrapper\">\n<div class=\"brz-spacer brz-css-kkqg8h brz-css-1mo63qy\"><\/div>\n<\/div>\n<\/div>\n<\/div>\n<\/div>\n<\/div>\n<\/div>\n<\/div>\n<\/section>\n<\/div>\n<p>    <!-- version:1742157016 --><\/p>","protected":false},"excerpt":{"rendered":"<p>Gezellig en ontspannen sporten doe je bij Ponsen! Wij staan klaar voor jou om jouw persoonlijke doelen te bereiken! Yin Yoga Wat is yoga? [&hellip;]<\/p>\n","protected":false},"author":1,"featured_media":0,"parent":0,"menu_order":0,"comment_status":"closed","ping_status":"closed","template":"brizy-blank-template.php","meta":{"inline_featured_image":false,"site-sidebar-layout":"default","site-content-layout":"default","ast-site-content-layout":"default","site-content-style":"default","site-sidebar-style":"default","ast-global-header-display":"","ast-banner-title-visibility":"","ast-main-header-display":"","ast-hfb-above-header-display":"","ast-hfb-below-header-display":"","ast-hfb-mobile-header-display":"","site-post-title":"","ast-breadcrumbs-content":"","ast-featured-img":"","footer-sml-layout":"","ast-disable-related-posts":"","theme-transparent-header-meta":"default","adv-header-id-meta":"","stick-header-meta":"","header-above-stick-meta":"","header-main-stick-meta":"","header-below-stick-meta":"","astra-migrate-meta-layouts":"default","ast-page-background-enabled":"default","ast-page-background-meta":{"desktop":{"background-color":"","background-image":"","background-repeat":"repeat","background-position":"center center","background-size":"auto","background-attachment":"scroll","background-type":"","background-media":"","overlay-type":"","overlay-color":"","overlay-opacity":"","overlay-gradient":""},"tablet":{"background-color":"","background-image":"","background-repeat":"repeat","background-position":"center center","background-size":"auto","background-attachment":"scroll","background-type":"","background-media":"","overlay-type":"","overlay-color":"","overlay-opacity":"","overlay-gradient":""},"mobile":{"background-color":"","background-image":"","background-repeat":"repeat","background-position":"center center","background-size":"auto","background-attachment":"scroll","background-type":"","background-media":"","overlay-type":"","overlay-color":"","overlay-opacity":"","overlay-gradient":""}},"ast-content-background-meta":{"desktop":{"background-color":"var(--ast-global-color-5)","background-image":"","background-repeat":"repeat","background-position":"center center","background-size":"auto","background-attachment":"scroll","background-type":"","background-media":"","overlay-type":"","overlay-color":"","overlay-opacity":"","overlay-gradient":""},"tablet":{"background-color":"var(--ast-global-color-5)","background-image":"","background-repeat":"repeat","background-position":"center center","background-size":"auto","background-attachment":"scroll","background-type":"","background-media":"","overlay-type":"","overlay-color":"","overlay-opacity":"","overlay-gradient":""},"mobile":{"background-color":"var(--ast-global-color-5)","background-image":"","background-repeat":"repeat","background-position":"center center","background-size":"auto","background-attachment":"scroll","background-type":"","background-media":"","overlay-type":"","overlay-color":"","overlay-opacity":"","overlay-gradient":""}},"footnotes":""},"class_list":["post-18237","page","type-page","status-publish","hentry"],"brizy_media":[{"id":14869,"url":"https:\/\/ponsensport.nl\/wp-content\/uploads\/2021\/08\/LHP_PONSEN_GROEPSLESSEN-6-6.jpg","name":"LHP_PONSEN_GROEPSLESSEN-6-6.jpg","meta":{"brizy_attachment_uid":"wp-7948932a4f12a0f69aca21e59252b66b.jpg","brizy_post_uid":["3ede990ea0320781762988e8148d5865","49f3603912afa376ceda595eaa6c7651","b6cb8ad2d518a0aa6a60c6b32bb98706","ed5279c9e4f01beec699a0f080c0b199","1418ac18997b614c52996aa1badf6724"]}},{"id":21623,"url":"https:\/\/ponsensport.nl\/wp-content\/uploads\/2021\/10\/LHP_PONSEN_GROEPSLESSEN-3.jpg","name":"LHP_PONSEN_GROEPSLESSEN-3.jpg","meta":{"brizy_attachment_uid":"wp-728848c785f3280dfd1901a10edb4620.jpg","brizy_post_uid":["ed5279c9e4f01beec699a0f080c0b199"]}},{"id":33939,"url":"https:\/\/ponsensport.nl\/wp-content\/uploads\/2024\/07\/20240617-DHF_2578.jpg","name":"20240617-DHF_2578.jpg","meta":{"brizy_attachment_uid":"wp-0d4d8ad708337479de7c65543c1fb4a3.jpg","brizy_post_uid":["ed5279c9e4f01beec699a0f080c0b199"]}}],"_links":{"self":[{"href":"https:\/\/ponsensport.nl\/de\/wp-json\/wp\/v2\/pages\/18237","targetHints":{"allow":["GET"]}}],"collection":[{"href":"https:\/\/ponsensport.nl\/de\/wp-json\/wp\/v2\/pages"}],"about":[{"href":"https:\/\/ponsensport.nl\/de\/wp-json\/wp\/v2\/types\/page"}],"author":[{"embeddable":true,"href":"https:\/\/ponsensport.nl\/de\/wp-json\/wp\/v2\/users\/1"}],"replies":[{"embeddable":true,"href":"https:\/\/ponsensport.nl\/de\/wp-json\/wp\/v2\/comments?post=18237"}],"version-history":[{"count":0,"href":"https:\/\/ponsensport.nl\/de\/wp-json\/wp\/v2\/pages\/18237\/revisions"}],"wp:attachment":[{"href":"https:\/\/ponsensport.nl\/de\/wp-json\/wp\/v2\/media?parent=18237"}],"curies":[{"name":"wp","href":"https:\/\/api.w.org\/{rel}","templated":true}]}}