{"id":13526,"date":"2021-08-05T07:45:42","date_gmt":"2021-08-05T07:45:42","guid":{"rendered":"https:\/\/ponsensport.nl\/?page_id=13526"},"modified":"2026-04-14T07:39:31","modified_gmt":"2026-04-14T07:39:31","slug":"ontspanning","status":"publish","type":"page","link":"https:\/\/ponsensport.nl\/de\/entspannung\/","title":{"rendered":"Entspannung"},"content":{"rendered":"<div class=\"brz-root__container brz-reset-all brz\">\n<section id=\"_xwamcnamtgspxxbzhfwjcqppmozmlghgstov\" class=\"brz-section brz-css-enply\">\n<div class=\"brz-section__content brz-section--boxed brz-css-nE9Eu brz-css-bRLT5\" data-brz-custom-id=\"cosumtpvegkitmvcazlrntndpjnxngaibvfz\">\n<div class=\"brz-bg\">\n<div class=\"brz-bg-color\"><\/div>\n<\/div>\n<div class=\"brz-container brz-css-cWmye\">\n<div class=\"brz-row__container brz-css-oWIvX\" data-brz-custom-id=\"dmhxkajunnkowxtafmqhfkznurimpzlisgcq\">\n<div class=\"brz-bg\"><\/div>\n<div class=\"brz-row brz-css-zEnYY brz-css-ylUiP\">\n<div class=\"brz-columns brz-css-k1zpb brz-css-zb3in\" data-brz-custom-id=\"ltxtgsslcbpercwnhmwhglgszrsqpjdorcka\">\n<div class=\"brz-bg\">\n<div class=\"brz-bg-image\"><\/div>\n<\/div>\n<div class=\"brz-column__items brz-css-ig1iK brz-css-l9rXe\">\n<div id=\"\" class=\"brz-css-gnznk brz-css-lwFGL brz-wrapper\">\n<div class=\"brz-spacer brz-css-cwbOu brz-css-x9S2r\"><\/div>\n<\/div>\n<div class=\"brz-row__container brz-css-oWIvX\" data-brz-custom-id=\"mpsxfyjzubzgxztvbqelitxevlwpgrfghihf\">\n<div class=\"brz-bg\"><\/div>\n<div class=\"brz-row brz-row--inner brz-css-zEnYY brz-css-ylUiP\">\n<div class=\"brz-columns brz-css-k1zpb brz-css-qv3GZ\" data-brz-custom-id=\"gaoiwrcndifmenkqhxxzxbyufdtszoenvyjm\">\n<div class=\"brz-bg\">\n<div class=\"brz-bg-color\"><\/div>\n<\/div>\n<div class=\"brz-column__items brz-css-ig1iK brz-css-eLW3Q\">\n<div id=\"\" class=\"brz-css-gnznk brz-css-mrkpH brz-wrapper\">\n<div class=\"brz-rich-text brz-rich-text__custom brz-css-zWGPt\" data-brz-custom-id=\"calrifpfvkycdepdcrkovdgegogbbacexsbc\">\n<div data-brz-translate-text=\"1\">\n<p class=\"brz-tp-lg-heading2 brz-css-yrsHj\" data-uniq-id=\"vaoxz\" data-generated-css=\"brz-css-teuue\"><span class=\"brz-cp-color8\">Bei Ponsen trainierst Du in gem\u00fctlicher und entspannter Atmosph\u00e4re!<\/span><\/p>\n<\/div>\n<\/div>\n<\/div>\n<div id=\"\" class=\"brz-css-gnznk brz-css-kioFH brz-wrapper\">\n<div class=\"brz-rich-text brz-rich-text__custom brz-css-zWGPt\" data-brz-custom-id=\"ezfzmzaqaoesrsbbfjkayeyrhusdsxyryvro\">\n<div data-brz-translate-text=\"1\">\n<p class=\"brz-fw-xs-300 brz-fw-sm-300 brz-fw-lg-300 brz-ls-xs-0 brz-ls-sm-0 brz-ls-lg-0 brz-fs-xs-17 brz-fs-sm-17 brz-fs-lg-17 brz-lh-xs-1_5 brz-lh-sm-1_5 brz-lh-lg-1_8 brz-ff-lktwpsqzihkmjjpxnwnmrddxqblukadakxcs brz-ft-upload brz-css-uVvRj\" data-generated-css=\"brz-css-drzbb\" data-uniq-id=\"nlzam\"><span class=\"brz-cp-color8\">Wir begleiten und unterst\u00fctzen dich dabei deine Ziele zu erreichen! <\/span><\/p>\n<\/div>\n<\/div>\n<\/div>\n<\/div>\n<\/div>\n<\/div>\n<\/div>\n<\/div>\n<\/div>\n<\/div>\n<\/div>\n<\/div>\n<\/div>\n<\/section>\n<section id=\"_uuzvlqloyzssrhihyuiztbaeltdbqbgjadhi\" class=\"brz-section brz-css-enply\">\n<div class=\"brz-section__content brz-section--boxed brz-css-nE9Eu brz-css-wZzaq\" data-brz-custom-id=\"lzyqdgnvrwgblpfrspenigtpmccvhuoljpdu\">\n<div class=\"brz-bg\">\n<div class=\"brz-bg-color\"><\/div>\n<\/div>\n<div class=\"brz-container brz-css-cWmye\">\n<div class=\"brz-row__container brz-css-oWIvX\" data-brz-custom-id=\"luigrbvhsakfnzirgbyitxdlkxomoglhyycx\">\n<div class=\"brz-bg\"><\/div>\n<div class=\"brz-row brz-css-zEnYY brz-css-ylUiP\">\n<div class=\"brz-columns brz-css-k1zpb brz-css-swH3Q\" data-brz-custom-id=\"vwmpeuavbmjacvgeyupulkxpzhzdzytglmaq\">\n<div class=\"brz-bg\"><\/div>\n<div class=\"brz-column__items brz-css-ig1iK brz-css-j64hd\">\n<div id=\"\" class=\"brz-css-gnznk brz-css-a4wHA brz-wrapper\">\n<div class=\"brz-rich-text brz-rich-text__custom brz-css-zWGPt\" data-brz-custom-id=\"iwfxcqiizauuxgnnsgrzpumxiajuakigdyow\">\n<div data-brz-translate-text=\"1\">\n<h2 class=\"brz-text-lg-left brz-tp-lg-heading2 brz-css-qYvBS\" data-uniq-id=\"oixqv\" data-generated-css=\"brz-css-buqvg\"><span class=\"brz-cp-color2\">Entspannung<\/span><\/h2>\n<\/div>\n<\/div>\n<\/div>\n<div id=\"\" class=\"brz-css-gnznk brz-wrapper\">\n<div class=\"brz-rich-text brz-rich-text__custom brz-css-zWGPt\" data-brz-custom-id=\"llzruvlbsemkzlpbkywotlcxfmimknnzagsj\">\n<div data-brz-translate-text=\"1\">\n<p class=\"brz-tp-lg-paragraph brz-css-s5ajt\" data-uniq-id=\"cimvt\" data-generated-css=\"brz-css-tihec\">Es ist wichtig, jeden Tag Momente der Ruhe und Entspannung einzuplanen. Das Sport- und Gesundheitszentrum Ponsen m\u00f6chte allen Menschen zu einem ausgewogenen Lebensstil zwischen Anspannung und Entspannung helfen. Es werden verschiedene Gruppenkurse angeboten, um gemeinsam in einer Gruppe zu entspannen.<\/p>\n<\/div>\n<\/div>\n<\/div>\n<\/div>\n<\/div>\n<\/div>\n<\/div>\n<\/div>\n<\/div>\n<\/section>\n<section id=\"_oqcvquxwxbxnsrxyaklcrekjktpihacprfxt\" class=\"brz-section brz-css-enply\">\n<div class=\"brz-section__content brz-section--boxed brz-css-nE9Eu brz-css-nqHNm\" data-brz-custom-id=\"jvlyhzofsfahyttoefpnxixwpaucospwuqbg\">\n<div class=\"brz-bg\">\n<div class=\"brz-bg-color\"><\/div>\n<\/div>\n<div class=\"brz-container brz-css-cWmye\">\n<div id=\"\" class=\"brz-css-gnznk brz-css-dRYH5 brz-wrapper\">\n<div class=\"brz-rich-text brz-rich-text__custom brz-css-zWGPt\" data-brz-custom-id=\"rswmaezxxuwdzfaxwbymegufekjcuboiehaw\">\n<div data-brz-translate-text=\"1\">\n<h3 class=\"brz-tp-lg-heading2 brz-text-lg-left brz-css-hyOYn\" data-generated-css=\"brz-css-ecqzd\" data-uniq-id=\"tfusd\"><span class=\"brz-cp-color2\">Gruppentraining f\u00fcr Entspannung<\/span><\/h3>\n<\/div>\n<\/div>\n<\/div>\n<div class=\"brz-row__container brz-css-oWIvX\" data-brz-custom-id=\"wazxsplcjqsblcssjuwgwhlyeaykzcbiypgn\">\n<div class=\"brz-bg\"><\/div>\n<div class=\"brz-row brz-css-zEnYY\">\n<div class=\"brz-columns brz-css-k1zpb brz-css-dTx_9\" data-brz-custom-id=\"eydatouulnawkbubbptgcoxsttejicgtfewo\">\n<div class=\"brz-bg\"><\/div>\n<div class=\"brz-column__items brz-css-ig1iK\">\n<div id=\"\" class=\"brz-css-gnznk brz-wrapper\">\n<div class=\"brz-image brz-css-ekJv1\" data-brz-custom-id=\"qjxhlujfaqlxtomnxqvnvfktsctpgkxywnge\"><img decoding=\"async\" class=\"brz-img\" src=\"https:\/\/ponsensport.nl\/wp-content\/uploads\/brizy\/imgs\/LHP_FITNESSCENTRUM_PONSEN_IMPRESSIE-9-399x265x23x0x353x265x1629966820.jpg\" alt=\"\" loading=\"lazy\" title=\"\"><\/div>\n<\/div>\n<div id=\"\" class=\"brz-css-gnznk brz-wrapper\">\n<div class=\"brz-rich-text brz-rich-text__custom brz-css-zWGPt\" data-brz-custom-id=\"mcglfoleyautivveeriqumandxqyyeccfeeg\">\n<div data-brz-translate-text=\"1\">\n<p class=\"brz-tp-lg-heading4 brz-css-ddAZ6\" data-generated-css=\"brz-css-exkxa\" data-uniq-id=\"bzsnw\">Stehende R\u00fcckenschule<\/p>\n<\/div>\n<\/div>\n<\/div>\n<div id=\"\" class=\"brz-css-gnznk brz-wrapper\">\n<div class=\"brz-rich-text brz-rich-text__custom brz-css-zWGPt\" data-brz-custom-id=\"fxpcvrzfzhiwctdwavbccdietwbhyntjqlud\">\n<div data-brz-translate-text=\"1\">\n<p class=\"brz-tp-lg-paragraph brz-css-uuOlz\" data-uniq-id=\"ljqmr\" data-generated-css=\"brz-css-dxipu\"><span class=\"brz-cp-color7\">Bei der stehenden R\u00fcckenschulung geht es um eine gute Koordination und Balance. Mit den \u00dcbungen helfen wir dir, deine Haltung zu verbessern.<\/span><\/p>\n<\/div>\n<\/div>\n<\/div>\n<div id=\"\" class=\"brz-css-gnznk brz-wrapper\">\n<div class=\"brz-rich-text brz-rich-text__custom brz-css-zWGPt\" data-brz-custom-id=\"mjfaqeswwxlzyfomddajwqwbugcispmzghtp\">\n<div data-brz-translate-text=\"1\">\n<p class=\"brz-tp-lg-button brz-css-o5pUO\" data-uniq-id=\"upqpr\" data-generated-css=\"brz-css-glbpv\">Mehr lesen<\/p>\n<\/div>\n<\/div>\n<\/div>\n<\/div>\n<p><a class=\"brz-a brz-container-link\" href=\"\/de\/staande-rugscholing\/\" target=\"_self\" rel=\"noopener\" data-brz-link-type=\"external\"><\/a><\/div>\n<div class=\"brz-columns brz-css-k1zpb brz-css-qmR8M\" data-brz-custom-id=\"cynbkpqevitwzmvtyhcskpzbzsaltrveyqzk\">\n<div class=\"brz-bg\"><\/div>\n<div class=\"brz-column__items brz-css-ig1iK\">\n<div id=\"\" class=\"brz-css-gnznk brz-wrapper\">\n<div class=\"brz-image brz-css-zFldY\" data-brz-custom-id=\"snonnyaclbaovgneovjhifbqpriyztwfzvea\"><img decoding=\"async\" class=\"brz-img\" src=\"https:\/\/ponsensport.nl\/wp-content\/uploads\/brizy\/imgs\/LHP_PONSEN_GROEPSLESSEN-7-399x266x23x0x353x266x1628760485.jpg\" alt=\"\" loading=\"lazy\" title=\"\"><\/div>\n<\/div>\n<div id=\"\" class=\"brz-css-gnznk brz-wrapper\">\n<div class=\"brz-rich-text brz-rich-text__custom brz-css-zWGPt\" data-brz-custom-id=\"rwubwktyjmzvidkvgkjckjyyunvxhmcgzgto\">\n<div data-brz-translate-text=\"1\">\n<p class=\"brz-tp-lg-heading4 brz-css-fMT2g\" data-generated-css=\"brz-css-naotj\" data-uniq-id=\"lwxef\">Liegende R\u00fcckenschule<\/p>\n<\/div>\n<\/div>\n<\/div>\n<div id=\"\" class=\"brz-css-gnznk brz-wrapper\">\n<div class=\"brz-rich-text brz-rich-text__custom brz-css-zWGPt\" data-brz-custom-id=\"uuvhrnhvinetbkpiiphtneklsdgjnocoyvwn\">\n<div data-brz-translate-text=\"1\">\n<p class=\"brz-tp-lg-paragraph brz-css-z7TJO\" data-uniq-id=\"cuogf\" data-generated-css=\"brz-css-qbgrt\"><span class=\"brz-cp-color7\">Beim der liegenden R\u00fcckenschule legen wird viel Wert auf Entspannung und eine gute Atmung. Dar\u00fcber hinaus achten wir auf eine richtige Haltung und versuchen die Rumpfmuskulatur zu st\u00e4rken.<\/span><\/p>\n<\/div>\n<\/div>\n<\/div>\n<div id=\"\" class=\"brz-css-gnznk brz-wrapper\">\n<div class=\"brz-rich-text brz-rich-text__custom brz-css-zWGPt\" data-brz-custom-id=\"qvwwwnymwsdnihwyiadcykhxwetxfzolhrow\">\n<div data-brz-translate-text=\"1\">\n<p data-uniq-id=\"mpyjh\" data-generated-css=\"brz-css-gxmuz\" class=\"brz-tp-lg-button brz-css-oAAml\"><span class=\"brz-cp-color7\">Mehr lesen<\/span><\/p>\n<\/div>\n<\/div>\n<\/div>\n<\/div>\n<p><a class=\"brz-a brz-container-link\" href=\"\/de\/liggende-rugscholing\/\" target=\"_self\" rel=\"noopener\" data-brz-link-type=\"external\"><\/a><\/div>\n<div class=\"brz-columns brz-css-k1zpb brz-css-tmurB\" data-brz-custom-id=\"qrfvbocfalmkbytxsjitietfrnoyqwphteho\">\n<div class=\"brz-bg\"><\/div>\n<div class=\"brz-column__items brz-css-ig1iK\">\n<div id=\"\" class=\"brz-css-gnznk brz-wrapper\">\n<div class=\"brz-image brz-css-cuRzr\" data-brz-custom-id=\"cllvcabkcdslyodjfrlzuwchtegyjsolxosm\"><img decoding=\"async\" class=\"brz-img\" src=\"https:\/\/ponsensport.nl\/wp-content\/uploads\/brizy\/imgs\/LHP_PONSEN_GROEPSLESSEN-31-400x266x23x0x354x266x1628761128.jpg\" alt=\"\" loading=\"lazy\" title=\"\"><\/div>\n<\/div>\n<div id=\"\" class=\"brz-css-gnznk brz-wrapper\">\n<div class=\"brz-rich-text brz-rich-text__custom brz-css-zWGPt\" data-brz-custom-id=\"xbeyghlxlfjtnobulziaeetfnnvybkaonsrj\">\n<div data-brz-translate-text=\"1\">\n<p class=\"brz-tp-lg-heading4 brz-css-eN69h\" data-generated-css=\"brz-css-qcbyh\" data-uniq-id=\"quacd\"><span class=\"brz-cp-color7\">Pilates<\/span><\/p>\n<\/div>\n<\/div>\n<\/div>\n<div id=\"\" class=\"brz-css-gnznk brz-wrapper\">\n<div class=\"brz-rich-text brz-rich-text__custom brz-css-zWGPt\" data-brz-custom-id=\"vqdzlvgnprbckjffrzqeetwjeupnsvhluhnc\">\n<div data-brz-translate-text=\"1\">\n<p class=\"brz-tp-lg-paragraph brz-css-zATiQ\" data-uniq-id=\"vwugv\" data-generated-css=\"brz-css-ifaei\"><span class=\"brz-cp-color7\">Pilates bietet ein gutes Gleichgewicht zwischen K\u00f6rper und Geist. Durch die verschiedenen Dehnungs- und Muskelst\u00e4rkungs\u00fcbungen verschaffst du dir die n\u00f6tige Entspannung.<\/span><\/p>\n<\/div>\n<\/div>\n<\/div>\n<div id=\"\" class=\"brz-css-gnznk brz-wrapper\">\n<div class=\"brz-rich-text brz-rich-text__custom brz-css-zWGPt\" data-brz-custom-id=\"caydntgdganppyqjqpzcufvlcfhmzrdoyjvt\">\n<div data-brz-translate-text=\"1\">\n<p class=\"brz-tp-lg-button brz-css-dRkPK\" data-generated-css=\"brz-css-pwuxv\">Mehr lesen<\/p>\n<\/div>\n<\/div>\n<\/div>\n<\/div>\n<p><a class=\"brz-a brz-container-link\" href=\"\/de\/pilates\/\" target=\"_self\" rel=\"noopener\" data-brz-link-type=\"external\"><\/a><\/div>\n<\/div>\n<\/div>\n<div class=\"brz-row__container brz-css-oWIvX\" data-brz-custom-id=\"azlqikuggvkpyqnmupmubnhzkqqswjwncilw\">\n<div class=\"brz-bg\"><\/div>\n<div class=\"brz-row brz-css-zEnYY\">\n<div class=\"brz-columns brz-css-k1zpb brz-css-dxg1Z\" data-brz-custom-id=\"vvvgathkfqxwtditcrfsgpmmdpbwzupspvlv\">\n<div class=\"brz-bg\"><\/div>\n<div class=\"brz-column__items brz-css-ig1iK\">\n<div id=\"\" class=\"brz-css-gnznk brz-wrapper\">\n<div class=\"brz-image brz-css-ueLSQ\" data-brz-custom-id=\"ifebezdzktfvovrgroztqxgynmgnwdxygawk\"><img decoding=\"async\" class=\"brz-img\" src=\"https:\/\/ponsensport.nl\/wp-content\/uploads\/brizy\/imgs\/LHP_PONSEN_GROEPSLESSEN-6-6-399x266x23x0x353x266x1628761575.jpg\" alt=\"\" loading=\"lazy\" title=\"\"><\/div>\n<\/div>\n<div id=\"\" class=\"brz-css-gnznk brz-wrapper\">\n<div class=\"brz-rich-text brz-rich-text__custom brz-css-zWGPt\" data-brz-custom-id=\"cchbmrxsvrkuaklcvbvnbguuxnarzkkzxzpv\">\n<div data-brz-translate-text=\"1\">\n<p class=\"brz-tp-lg-heading4 brz-css-lht_e\" data-uniq-id=\"qqdnc\" data-generated-css=\"brz-css-hsudr\"><span class=\"brz-cp-color7\">Hatha Yoga<\/span><\/p>\n<\/div>\n<\/div>\n<\/div>\n<div id=\"\" class=\"brz-css-gnznk brz-wrapper\">\n<div class=\"brz-rich-text brz-rich-text__custom brz-css-zWGPt\" data-brz-custom-id=\"cfkghaxwzorkdruklpjsjfbwectvcnkeqktr\">\n<div data-brz-translate-text=\"1\">\n<p class=\"brz-tp-lg-paragraph brz-css-o440v\" data-uniq-id=\"qibqf\" data-generated-css=\"brz-css-tuebg\"><span class=\"brz-cp-color7\">Beim Yoga lernst du, wie du deinen K\u00f6rper und deinen Geist im Gleichgewicht h\u00e4lst. Yoga ist eine gute M\u00f6glichkeit, sich zu entspannen und gleichzeitig den K\u00f6rper zu st\u00e4rken.<\/span><\/p>\n<\/div>\n<\/div>\n<\/div>\n<div id=\"\" class=\"brz-css-gnznk brz-wrapper\">\n<div class=\"brz-rich-text brz-rich-text__custom brz-css-zWGPt\" data-brz-custom-id=\"exfbojhuqvjgzhsguabxgaifrfbrolvdvkbu\">\n<div data-brz-translate-text=\"1\">\n<p data-uniq-id=\"iyndc\" data-generated-css=\"brz-css-zyjic\" class=\"brz-tp-lg-button brz-css-zq0he\"><span class=\"brz-cp-color7\">Mehr lesen<\/span><\/p>\n<\/div>\n<\/div>\n<\/div>\n<\/div>\n<p><a class=\"brz-a brz-container-link\" href=\"\/de\/hatha-yoga\/\" target=\"_self\" rel=\"noopener\" data-brz-link-type=\"external\"><\/a><\/div>\n<div class=\"brz-columns brz-css-k1zpb brz-css-oF3ci\" data-brz-custom-id=\"iqmguqnovpeynxemughynsfyinmvpsxfqhok\">\n<div class=\"brz-bg\"><\/div>\n<div class=\"brz-column__items brz-css-ig1iK\">\n<div id=\"\" class=\"brz-css-gnznk brz-wrapper\">\n<div class=\"brz-image brz-css-bRjBQ\" data-brz-custom-id=\"qhzvedssyzaiwgmbtgnhdzfsdupyyrncjltf\"><img decoding=\"async\" class=\"brz-img\" src=\"https:\/\/ponsensport.nl\/wp-content\/uploads\/brizy\/imgs\/LHP_PONSEN_GROEPSLESSEN-6-6-399x266x23x0x353x266x1628761575.jpg\" alt=\"\" loading=\"lazy\" title=\"\"><\/div>\n<\/div>\n<div id=\"\" class=\"brz-css-gnznk brz-wrapper\">\n<div class=\"brz-rich-text brz-rich-text__custom brz-css-zWGPt\" data-brz-custom-id=\"vkynpbliphoaqabugadlrjgpbroyxuamndsl\">\n<div data-brz-translate-text=\"1\">\n<p class=\"brz-tp-lg-heading4 brz-css-wJDmL\" data-generated-css=\"brz-css-reiyg\" data-uniq-id=\"rkddl\"><span class=\"brz-cp-color7\">Yin Yoga<\/span><\/p>\n<\/div>\n<\/div>\n<\/div>\n<div id=\"\" class=\"brz-css-gnznk brz-wrapper\">\n<div class=\"brz-rich-text brz-rich-text__custom brz-css-zWGPt\" data-brz-custom-id=\"bhtfdvhilbnkyfsaymahnovjmgdwqukzmiim\">\n<div data-brz-translate-text=\"1\">\n<p class=\"brz-tp-lg-paragraph brz-css-y0iXf\" data-uniq-id=\"qibqf\" data-generated-css=\"brz-css-tuebg\"><span class=\"brz-cp-color7\">Beim Yoga lernst du, wie du deinen K\u00f6rper und deinen Geist im Gleichgewicht h\u00e4lst. Yoga ist eine gute M\u00f6glichkeit, sich zu entspannen und gleichzeitig den K\u00f6rper zu st\u00e4rken.<\/span><\/p>\n<\/div>\n<\/div>\n<\/div>\n<div id=\"\" class=\"brz-css-gnznk brz-wrapper\">\n<div class=\"brz-rich-text brz-rich-text__custom brz-css-zWGPt\" data-brz-custom-id=\"habwcuyifcokazwkwxqynityepqihtqwlmiz\">\n<div data-brz-translate-text=\"1\">\n<p data-uniq-id=\"iyndc\" data-generated-css=\"brz-css-zyjic\" class=\"brz-tp-lg-button brz-css-k0Qc8\"><span class=\"brz-cp-color7\">Mehr lesen<\/span><\/p>\n<\/div>\n<\/div>\n<\/div>\n<\/div>\n<p><a class=\"brz-a brz-container-link\" href=\"\/de\/yin-yoga\/\" target=\"_self\" rel=\"noopener\" data-brz-link-type=\"external\"><\/a><\/div>\n<div class=\"brz-columns brz-css-k1zpb brz-css-miZh7\" data-brz-custom-id=\"xcrggylprrugwnmtkzosnkjjvclvqhwmwzii\">\n<div class=\"brz-bg\"><\/div>\n<div class=\"brz-column__items brz-css-ig1iK\">\n<div id=\"\" class=\"brz-css-gnznk brz-wrapper\">\n<div class=\"brz-image brz-css-jfUO_\" data-brz-custom-id=\"cyizmdzrrxzkgspiffgrazntpqclqprogxet\"><img decoding=\"async\" class=\"brz-img\" src=\"https:\/\/ponsensport.nl\/wp-content\/uploads\/brizy\/imgs\/LHP_PONSEN_GROEPSLESSEN-13-1-400x266x23x0x354x266x1628760711.jpg\" alt=\"\" loading=\"lazy\" title=\"\"><\/div>\n<\/div>\n<div id=\"\" class=\"brz-css-gnznk brz-wrapper\">\n<div class=\"brz-rich-text brz-rich-text__custom brz-css-zWGPt\" data-brz-custom-id=\"fumpyyblmdoqouzgvbgkdoqzzeztwxpnqlqm\">\n<div data-brz-translate-text=\"1\">\n<p class=\"brz-tp-lg-heading4 brz-css-kKp1B\" data-generated-css=\"brz-css-lgtap\" data-uniq-id=\"sybgl\"><span class=\"brz-cp-color7\">Zumba<\/span><\/p>\n<\/div>\n<\/div>\n<\/div>\n<div id=\"\" class=\"brz-css-gnznk brz-wrapper\">\n<div class=\"brz-rich-text brz-rich-text__custom brz-css-zWGPt\" data-brz-custom-id=\"spsdlbfqnigxexhzptzlhlaetzmnzbvwopax\">\n<div data-brz-translate-text=\"1\">\n<p class=\"brz-tp-lg-paragraph brz-css-hSp5B\" data-uniq-id=\"pjprw\" data-generated-css=\"brz-css-vtayd\"><span class=\"brz-cp-color7\">Beim Zumba tanzt du auf lateinamerikanischer Musik. In diesem Kurs kannst du beim Tanzen viel Spa\u00df haben, dich aber auch w\u00e4hrenddessen entspannen.<\/span><\/p>\n<\/div>\n<\/div>\n<\/div>\n<div id=\"\" class=\"brz-css-gnznk brz-wrapper\">\n<div class=\"brz-rich-text brz-rich-text__custom brz-css-zWGPt\" data-brz-custom-id=\"rzoquunwqsrvjtyxviszgbszjqzpejrcroda\">\n<div data-brz-translate-text=\"1\">\n<p class=\"brz-tp-lg-button brz-css-sk5Yb\" data-generated-css=\"brz-css-pwuxv\">Mehr lesen<\/p>\n<\/div>\n<\/div>\n<\/div>\n<\/div>\n<p><a class=\"brz-a brz-container-link\" href=\"\/de\/zumba\/\" target=\"_self\" rel=\"noopener\" data-brz-link-type=\"external\"><\/a><\/div>\n<\/div>\n<\/div>\n<\/div>\n<\/div>\n<\/section>\n<\/div>\n<p>    <!-- version:1731939596 --><\/p>","protected":false},"excerpt":{"rendered":"<p>Gezellig en ontspannen sporten doe je bij Ponsen! Wij staan klaar voor jou om je persoonlijke doelen te bereiken! Ontspanning Het is belangrijk om [&hellip;]<\/p>\n","protected":false},"author":1,"featured_media":0,"parent":0,"menu_order":0,"comment_status":"closed","ping_status":"closed","template":"brizy-blank-template.php","meta":{"inline_featured_image":false,"site-sidebar-layout":"default","site-content-layout":"default","ast-site-content-layout":"default","site-content-style":"default","site-sidebar-style":"default","ast-global-header-display":"","ast-banner-title-visibility":"","ast-main-header-display":"","ast-hfb-above-header-display":"","ast-hfb-below-header-display":"","ast-hfb-mobile-header-display":"","site-post-title":"","ast-breadcrumbs-content":"","ast-featured-img":"","footer-sml-layout":"","ast-disable-related-posts":"","theme-transparent-header-meta":"default","adv-header-id-meta":"","stick-header-meta":"","header-above-stick-meta":"","header-main-stick-meta":"","header-below-stick-meta":"","astra-migrate-meta-layouts":"default","ast-page-background-enabled":"default","ast-page-background-meta":{"desktop":{"background-color":"","background-image":"","background-repeat":"repeat","background-position":"center center","background-size":"auto","background-attachment":"scroll","background-type":"","background-media":"","overlay-type":"","overlay-color":"","overlay-opacity":"","overlay-gradient":""},"tablet":{"background-color":"","background-image":"","background-repeat":"repeat","background-position":"center center","background-size":"auto","background-attachment":"scroll","background-type":"","background-media":"","overlay-type":"","overlay-color":"","overlay-opacity":"","overlay-gradient":""},"mobile":{"background-color":"","background-image":"","background-repeat":"repeat","background-position":"center center","background-size":"auto","background-attachment":"scroll","background-type":"","background-media":"","overlay-type":"","overlay-color":"","overlay-opacity":"","overlay-gradient":""}},"ast-content-background-meta":{"desktop":{"background-color":"var(--ast-global-color-5)","background-image":"","background-repeat":"repeat","background-position":"center center","background-size":"auto","background-attachment":"scroll","background-type":"","background-media":"","overlay-type":"","overlay-color":"","overlay-opacity":"","overlay-gradient":""},"tablet":{"background-color":"var(--ast-global-color-5)","background-image":"","background-repeat":"repeat","background-position":"center center","background-size":"auto","background-attachment":"scroll","background-type":"","background-media":"","overlay-type":"","overlay-color":"","overlay-opacity":"","overlay-gradient":""},"mobile":{"background-color":"var(--ast-global-color-5)","background-image":"","background-repeat":"repeat","background-position":"center center","background-size":"auto","background-attachment":"scroll","background-type":"","background-media":"","overlay-type":"","overlay-color":"","overlay-opacity":"","overlay-gradient":""}},"footnotes":""},"class_list":["post-13526","page","type-page","status-publish","hentry"],"brizy_media":[{"id":14726,"url":"https:\/\/ponsensport.nl\/wp-content\/uploads\/2021\/08\/LHP_PONSEN_GROEPSLESSEN-7.jpg","name":"LHP_PONSEN_GROEPSLESSEN-7.jpg","meta":{"brizy_attachment_uid":"wp-18c16e07216d4bc28041be8e7baf30a4.jpg","brizy_post_uid":["49f3603912afa376ceda595eaa6c7651","3ede990ea0320781762988e8148d5865","b6cb8ad2d518a0aa6a60c6b32bb98706","22c2e4d2c569a754b5ef009f85ffba8a"]}},{"id":14751,"url":"https:\/\/ponsensport.nl\/wp-content\/uploads\/2021\/08\/LHP_PONSEN_GROEPSLESSEN-13-1.jpg","name":"LHP_PONSEN_GROEPSLESSEN-13-1.jpg","meta":{"brizy_attachment_uid":"wp-7af2f7813a7c3d5c823f0758499b9556.jpg","brizy_post_uid":["49f3603912afa376ceda595eaa6c7651","b6cb8ad2d518a0aa6a60c6b32bb98706"]}},{"id":14788,"url":"https:\/\/ponsensport.nl\/wp-content\/uploads\/2021\/08\/LHP_PONSEN_GROEPSLESSEN-31.jpg","name":"LHP_PONSEN_GROEPSLESSEN-31.jpg","meta":{"brizy_attachment_uid":"wp-9a606259685e4c64e4dd82faeca8ae75.jpg","brizy_post_uid":["3ede990ea0320781762988e8148d5865","49f3603912afa376ceda595eaa6c7651","b6cb8ad2d518a0aa6a60c6b32bb98706"]}},{"id":14869,"url":"https:\/\/ponsensport.nl\/wp-content\/uploads\/2021\/08\/LHP_PONSEN_GROEPSLESSEN-6-6.jpg","name":"LHP_PONSEN_GROEPSLESSEN-6-6.jpg","meta":{"brizy_attachment_uid":"wp-7948932a4f12a0f69aca21e59252b66b.jpg","brizy_post_uid":["3ede990ea0320781762988e8148d5865","49f3603912afa376ceda595eaa6c7651","b6cb8ad2d518a0aa6a60c6b32bb98706","ed5279c9e4f01beec699a0f080c0b199","1418ac18997b614c52996aa1badf6724"]}},{"id":16187,"url":"https:\/\/ponsensport.nl\/wp-content\/uploads\/2021\/08\/LHP_FITNESSCENTRUM_PONSEN_IMPRESSIE-9.jpg","name":"LHP_FITNESSCENTRUM_PONSEN_IMPRESSIE-9.jpg","meta":{"brizy_attachment_uid":"wp-eb862155d3405b73cc1c62d9c547d3c6.jpg","brizy_post_uid":["b6cb8ad2d518a0aa6a60c6b32bb98706","49f3603912afa376ceda595eaa6c7651","3ede990ea0320781762988e8148d5865"]}}],"_links":{"self":[{"href":"https:\/\/ponsensport.nl\/de\/wp-json\/wp\/v2\/pages\/13526","targetHints":{"allow":["GET"]}}],"collection":[{"href":"https:\/\/ponsensport.nl\/de\/wp-json\/wp\/v2\/pages"}],"about":[{"href":"https:\/\/ponsensport.nl\/de\/wp-json\/wp\/v2\/types\/page"}],"author":[{"embeddable":true,"href":"https:\/\/ponsensport.nl\/de\/wp-json\/wp\/v2\/users\/1"}],"replies":[{"embeddable":true,"href":"https:\/\/ponsensport.nl\/de\/wp-json\/wp\/v2\/comments?post=13526"}],"version-history":[{"count":0,"href":"https:\/\/ponsensport.nl\/de\/wp-json\/wp\/v2\/pages\/13526\/revisions"}],"wp:attachment":[{"href":"https:\/\/ponsensport.nl\/de\/wp-json\/wp\/v2\/media?parent=13526"}],"curies":[{"name":"wp","href":"https:\/\/api.w.org\/{rel}","templated":true}]}}