{"id":13493,"date":"2021-08-05T07:36:01","date_gmt":"2021-08-05T07:36:01","guid":{"rendered":"https:\/\/ponsensport.nl\/?page_id=13493"},"modified":"2026-04-14T10:57:16","modified_gmt":"2026-04-14T10:57:16","slug":"rugklachten","status":"publish","type":"page","link":"https:\/\/ponsensport.nl\/de\/ruckenschmerzen\/","title":{"rendered":"R\u00fcckenbeschwerden lindern"},"content":{"rendered":"<div class=\"brz-root__container brz-reset-all brz\">\n<section id=\"_tdnjqacrosorffwtjphyhymefzlcdomllgyu\" class=\"brz-section brz-css-oSdIT\">\n<div class=\"brz-section__content brz-section--boxed brz-css-ajTNM brz-css-l2YKi\" data-brz-custom-id=\"gernvkkiiawjtbubctahcekwjpmliemvpiym\">\n<div class=\"brz-bg\">\n<div class=\"brz-bg-color\"><\/div>\n<\/div>\n<div class=\"brz-container brz-css-hKdXX\">\n<div class=\"brz-row__container brz-css-lfo86\" data-brz-custom-id=\"pdhzaiwatrwiapvwnisousgznxsrxegsgstq\">\n<div class=\"brz-bg\"><\/div>\n<div class=\"brz-row brz-css-scD8v brz-css-dcYYC\">\n<div class=\"brz-columns brz-css-an5gb brz-css-pUYHx\" data-brz-custom-id=\"unnwiqvafmdmofqnnfeqzbifykyggkintbsx\">\n<div class=\"brz-bg\">\n<div class=\"brz-bg-image\"><\/div>\n<\/div>\n<div class=\"brz-column__items brz-css-a33Cr brz-css-tmQsE\">\n<div id=\"\" class=\"brz-css-p7qxu brz-css-s6qt5 brz-wrapper\">\n<div class=\"brz-spacer brz-css-j6oxN brz-css-f9Io_\"><\/div>\n<\/div>\n<div class=\"brz-row__container brz-css-lfo86\" data-brz-custom-id=\"rcgcvccjrxxgzyaldyqjkmlhtujfyjzwgxlj\">\n<div class=\"brz-bg\"><\/div>\n<div class=\"brz-row brz-row--inner brz-css-scD8v brz-css-dcYYC\">\n<div class=\"brz-columns brz-css-an5gb brz-css-x1n5T\" data-brz-custom-id=\"rueziwokaijcyboyfikjphzneprvepoassoh\">\n<div class=\"brz-bg\">\n<div class=\"brz-bg-color\"><\/div>\n<\/div>\n<div class=\"brz-column__items brz-css-a33Cr brz-css-zEX9g\">\n<div id=\"\" class=\"brz-css-p7qxu brz-css-tKUHB brz-wrapper\">\n<div class=\"brz-rich-text brz-rich-text__custom brz-css-jtsx5\" data-brz-custom-id=\"ycpmctadblhwymrataaoqhbqcvwpfuayjrjp\">\n<div data-brz-translate-text=\"1\">\n<p class=\"brz-tp-lg-heading2 brz-css-yduME\" data-uniq-id=\"nknqf\" data-generated-css=\"brz-css-wycfb\"><span class=\"brz-cp-color8\">Bei Ponsen trainierst Du in gem\u00fctlicher und entspannter Atmosph\u00e4re!<\/span><\/p>\n<\/div>\n<\/div>\n<\/div>\n<div id=\"\" class=\"brz-css-p7qxu brz-css-qO7Nq brz-wrapper\">\n<div class=\"brz-rich-text brz-rich-text__custom brz-css-jtsx5\" data-brz-custom-id=\"wfekqrtlkdfxglnfqfliqlqtcixxepdmwosw\">\n<div data-brz-translate-text=\"1\">\n<p class=\"brz-fw-xs-300 brz-fw-sm-300 brz-fw-lg-300 brz-ls-xs-0 brz-ls-sm-0 brz-ls-lg-0 brz-fs-xs-17 brz-fs-sm-17 brz-fs-lg-17 brz-lh-xs-1_5 brz-lh-sm-1_5 brz-lh-lg-1_8 brz-ff-lktwpsqzihkmjjpxnwnmrddxqblukadakxcs brz-ft-upload brz-css-wx5Lt\" data-generated-css=\"brz-css-oqgfp\" data-uniq-id=\"cicac\"><span class=\"brz-cp-color8\">Wir begleiten und unterst\u00fctzen dich dabei deine Ziele zu erreichen!<\/span><\/p>\n<\/div>\n<\/div>\n<\/div>\n<\/div>\n<\/div>\n<\/div>\n<\/div>\n<\/div>\n<\/div>\n<\/div>\n<\/div>\n<\/div>\n<\/div>\n<\/section>\n<section id=\"_pssadypazcqpmwwvdjrlyjyonxbtwvzunoyo\" class=\"brz-section brz-css-oSdIT\">\n<div class=\"brz-section__content brz-section--boxed brz-css-ajTNM brz-css-nQ5hS\" data-brz-custom-id=\"rvmmxpcbverlsmtkmqxtopshzgcjtnojikxm\">\n<div class=\"brz-bg\">\n<div class=\"brz-bg-color\"><\/div>\n<\/div>\n<div class=\"brz-container brz-css-hKdXX\">\n<div class=\"brz-row__container brz-css-lfo86\" data-brz-custom-id=\"etopqxalkplfoxrhsqoegxcdsrcyvackqvmf\">\n<div class=\"brz-bg\"><\/div>\n<div class=\"brz-row brz-css-scD8v brz-css-dcYYC\">\n<div class=\"brz-columns brz-css-an5gb brz-css-cuGAu\" data-brz-custom-id=\"hleencaiyirhjtlqrlltwjrozhpgbeifvcjo\">\n<div class=\"brz-bg\"><\/div>\n<div class=\"brz-column__items brz-css-a33Cr brz-css-pFBW9\">\n<div id=\"\" class=\"brz-css-p7qxu brz-css-izWMq brz-wrapper\">\n<div class=\"brz-rich-text brz-rich-text__custom brz-css-jtsx5\" data-brz-custom-id=\"kutqrthcxsgmvbgwpqsqkwextjknnecpqhkx\">\n<div data-brz-translate-text=\"1\">\n<h2 class=\"brz-text-lg-left brz-tp-lg-heading2 brz-css-nR6Xf\" data-uniq-id=\"wendd\" data-generated-css=\"brz-css-cnyev\">R\u00fcckenbeschwerden lindern<\/h2>\n<\/div>\n<\/div>\n<\/div>\n<div id=\"\" class=\"brz-css-p7qxu brz-wrapper\">\n<div class=\"brz-rich-text brz-rich-text__custom brz-css-jtsx5\" data-brz-custom-id=\"mbcviqqxxlgzulugluefxbavkqxpscmbzskb\">\n<div data-brz-translate-text=\"1\">\n<p class=\"brz-tp-lg-paragraph brz-css-vyX_P\" data-uniq-id=\"xzduh\" data-generated-css=\"brz-css-yusbx\"><span class=\"brz-cp-color7\">R\u00fcckenschmerzen sind ein weit verbreitetes Problem und nat\u00fcrlich ziemlich unangenehm. Gemeinsam mit dir k\u00f6nnen wir dir helfen, weniger R\u00fcckenschmerzen zu haben. Wie? Wir haben mehrere Gruppenkurse eingerichtet, um deine R\u00fcckenprobleme zu verringern. <\/span><\/p>\n<p class=\"brz-tp-lg-paragraph brz-css-avGdf\" data-uniq-id=\"xzduh\" data-generated-css=\"brz-css-yusbx\"><span class=\"brz-cp-color7\">Nach 35 Jahren Erfahrung mit R\u00fccken- und Haltungsproblemen haben wir uns zu einem spezialisierten Fitness- und Gesundheitszentrum entwickelt. <\/span><\/p>\n<\/div>\n<\/div>\n<\/div>\n<\/div>\n<\/div>\n<\/div>\n<\/div>\n<\/div>\n<\/div>\n<\/section>\n<section id=\"_zvurleqswivowqyptcwtlztrytigaippaqte\" class=\"brz-section brz-css-oSdIT\">\n<div class=\"brz-section__content brz-section--boxed brz-css-ajTNM brz-css-qgxGB\" data-brz-custom-id=\"mqmkancltqxqtuxoaqfdteuoukbttcvhjnml\">\n<div class=\"brz-bg\">\n<div class=\"brz-bg-color\"><\/div>\n<\/div>\n<div class=\"brz-container brz-css-hKdXX\">\n<div id=\"\" class=\"brz-css-p7qxu brz-css-twuh3 brz-wrapper\">\n<div class=\"brz-rich-text brz-rich-text__custom brz-css-jtsx5\" data-brz-custom-id=\"qwcniydlzwtolvsqyrrdungzauktpwnpjmxz\">\n<div data-brz-translate-text=\"1\">\n<h3 class=\"brz-tp-lg-heading2 brz-text-lg-left brz-css-hL3EM\" data-generated-css=\"brz-css-kusxe\" data-uniq-id=\"embfv\"><span class=\"brz-cp-color2\">Gruppentraining bei R\u00fcckenproblemen<\/span><\/h3>\n<\/div>\n<\/div>\n<\/div>\n<div class=\"brz-row__container brz-css-lfo86\" data-brz-custom-id=\"dvkvawjrdoilwsprewewywqxqflipxpdlaqo\">\n<div class=\"brz-bg\"><\/div>\n<div class=\"brz-row brz-css-scD8v\">\n<div class=\"brz-columns brz-css-an5gb brz-css-apewF\" data-brz-custom-id=\"pokpkaexvvxsijxoodyhdqngsqwxwdxhfmgg\">\n<div class=\"brz-bg\"><\/div>\n<div class=\"brz-column__items brz-css-a33Cr\">\n<div id=\"\" class=\"brz-css-p7qxu brz-wrapper\">\n<div class=\"brz-image brz-css-mrVsO\" data-brz-custom-id=\"budoduhlvsmyeshwzlqqkxewfapurncgpkmn\"><img decoding=\"async\" class=\"brz-img\" src=\"https:\/\/ponsensport.nl\/wp-content\/uploads\/brizy\/imgs\/LHP_PONSEN_GROEPSLESSEN-7-399x266x23x0x353x266x1628760485.jpg\" alt=\"\" loading=\"lazy\" title=\"\"><\/div>\n<\/div>\n<div id=\"\" class=\"brz-css-p7qxu brz-wrapper\">\n<div class=\"brz-rich-text brz-rich-text__custom brz-css-jtsx5\" data-brz-custom-id=\"dddlidzvmbkqyqofxsmpzdcbqtftliwufvuz\">\n<div data-brz-translate-text=\"1\">\n<p class=\"brz-tp-lg-heading4 brz-css-wIwyJ\" data-generated-css=\"brz-css-djzjf\" data-uniq-id=\"kpzrw\"><span class=\"brz-cp-color7\">Liegende R\u00fcckenschule<\/span><\/p>\n<\/div>\n<\/div>\n<\/div>\n<div id=\"\" class=\"brz-css-p7qxu brz-wrapper\">\n<div class=\"brz-rich-text brz-rich-text__custom brz-css-jtsx5\" data-brz-custom-id=\"mpyfjatidsmmajjvrnjblhxlluidvuojwoot\">\n<div data-brz-translate-text=\"1\">\n<p class=\"brz-tp-lg-paragraph brz-css-xJVfb\"><span class=\"brz-cp-color7\">Beim der liegenden R\u00fcckenschule legen wird viel Wert auf Entspannung und eine gute Atmung. Dar\u00fcber hinaus achten wir auf eine richtige Haltung und versuchen die Rumpfmuskulatur zu st\u00e4rken.<\/span><\/p>\n<p class=\"brz-tp-lg-paragraph brz-css-cZPOH\" data-uniq-id=\"lnitp\" data-generated-css=\"brz-css-btloo\"><\/p>\n<\/div>\n<\/div>\n<\/div>\n<div id=\"\" class=\"brz-css-p7qxu brz-wrapper\">\n<div class=\"brz-rich-text brz-rich-text__custom brz-css-jtsx5\" data-brz-custom-id=\"dvmjqlbnvqlznuocudtdvtuvrvvafizbrtrr\">\n<div data-brz-translate-text=\"1\">\n<p data-uniq-id=\"mpyjh\" data-generated-css=\"brz-css-gxmuz\" class=\"brz-tp-lg-button brz-css-nJXDj\"><span class=\"brz-cp-color7\">Mehr lesen<\/span><\/p>\n<\/div>\n<\/div>\n<\/div>\n<\/div>\n<p><a class=\"brz-a brz-container-link\" href=\"\/de\/liggende-rugscholing\/\" target=\"_self\" rel=\"noopener\" data-brz-link-type=\"external\"><\/a><\/div>\n<div class=\"brz-columns brz-css-an5gb brz-css-qX098\" data-brz-custom-id=\"rptmntttteeuhvorcjerqspglozcphviwccs\">\n<div class=\"brz-bg\"><\/div>\n<div class=\"brz-column__items brz-css-a33Cr\">\n<div id=\"\" class=\"brz-css-p7qxu brz-wrapper\">\n<div class=\"brz-image brz-css-lxmM4\" data-brz-custom-id=\"sibgblthxgtqciirxbuqxcmkdwuzhcahmxvc\"><img decoding=\"async\" class=\"brz-img\" src=\"https:\/\/ponsensport.nl\/wp-content\/uploads\/brizy\/imgs\/LHP_PONSEN_GROEPSLESSEN-31-399x266x23x0x353x266x1628761128.jpg\" alt=\"\" loading=\"lazy\" title=\"\"><\/div>\n<\/div>\n<div id=\"\" class=\"brz-css-p7qxu brz-wrapper\">\n<div class=\"brz-rich-text brz-rich-text__custom brz-css-jtsx5\" data-brz-custom-id=\"xkwvmbxybnttkkhuljpvuoxbedfymeigcagv\">\n<div data-brz-translate-text=\"1\">\n<p class=\"brz-tp-lg-heading4 brz-css-p1eVx\" data-generated-css=\"brz-css-xidzk\" data-uniq-id=\"oynrd\"><span class=\"brz-cp-color7\">Pilates<\/span><\/p>\n<\/div>\n<\/div>\n<\/div>\n<div id=\"\" class=\"brz-css-p7qxu brz-wrapper\">\n<div class=\"brz-rich-text brz-rich-text__custom brz-css-jtsx5\" data-brz-custom-id=\"kmeggeccmaajytvnannhkqudfyszloojwlqa\">\n<div data-brz-translate-text=\"1\">\n<p class=\"brz-tp-lg-paragraph brz-css-jnLSj\" data-uniq-id=\"fheto\" data-generated-css=\"brz-css-swumd\"><span class=\"brz-cp-color7\">Pilates bietet ein gutes Gleichgewicht zwischen K\u00f6rper und Geist. Durch die verschiedenen Dehnungs- und Muskelst\u00e4rkungs\u00fcbungen verschaffst du dir die n\u00f6tige Entspannung.<\/span><\/p>\n<\/div>\n<\/div>\n<\/div>\n<div id=\"\" class=\"brz-css-p7qxu brz-wrapper\">\n<div class=\"brz-rich-text brz-rich-text__custom brz-css-jtsx5\" data-brz-custom-id=\"cbmwuxabjrggxnspvolwipxtxkhlaagrbjja\">\n<div data-brz-translate-text=\"1\">\n<p data-uniq-id=\"mpyjh\" data-generated-css=\"brz-css-gxmuz\" class=\"brz-tp-lg-button brz-css-mR6QX\"><span class=\"brz-cp-color7\">Mehr lesen<\/span><\/p>\n<\/div>\n<\/div>\n<\/div>\n<\/div>\n<p><a class=\"brz-a brz-container-link\" href=\"\/de\/pilates\/\" target=\"_self\" rel=\"noopener\" data-brz-link-type=\"external\"><\/a><\/div>\n<div class=\"brz-columns brz-css-an5gb brz-css-qveY_\" data-brz-custom-id=\"nvymvmvclkcnjinufkrrmzbhliaxtmatqguf\">\n<div class=\"brz-bg\"><\/div>\n<div class=\"brz-column__items brz-css-a33Cr\">\n<div id=\"\" class=\"brz-css-p7qxu brz-wrapper\">\n<div class=\"brz-image brz-css-cKlp2\" data-brz-custom-id=\"otdnpjerphqplrolkwypowhwvxlalpkeolqi\"><img decoding=\"async\" class=\"brz-img\" src=\"https:\/\/ponsensport.nl\/wp-content\/uploads\/brizy\/imgs\/LHP_FITNESSCENTRUM_PONSEN_IMPRESSIE-25-400x266x23x0x354x266x1629966842.jpg\" alt=\"\" loading=\"lazy\" title=\"\"><\/div>\n<\/div>\n<div id=\"\" class=\"brz-css-p7qxu brz-wrapper\">\n<div class=\"brz-rich-text brz-rich-text__custom brz-css-jtsx5\" data-brz-custom-id=\"bxgqrapcsiuokdvdbguvgzgwxbilxgfbdteh\">\n<div data-brz-translate-text=\"1\">\n<p class=\"brz-tp-lg-heading4 brz-css-wry3I\" data-uniq-id=\"lyato\" data-generated-css=\"brz-css-wfswk\"><span class=\"brz-cp-color7\">Seniorenfitness<\/span><\/p>\n<\/div>\n<\/div>\n<\/div>\n<div id=\"\" class=\"brz-css-p7qxu brz-wrapper\">\n<div class=\"brz-rich-text brz-rich-text__custom brz-css-jtsx5\" data-brz-custom-id=\"eycuhisxyteeizlrtdjvcmpqzvnyobsjydwf\">\n<div data-brz-translate-text=\"1\">\n<p class=\"brz-tp-lg-paragraph brz-css-v2a2K\"><span class=\"brz-cp-color7\">Bei der Seniorenfitness trainierst du gemeinsam mit anderen Senioren im Fitnessraum. W\u00e4hrend des Unterrichts ist immer ein Fitnesstrainer anwesend, um dich zu unterst\u00fctzen.<\/span><\/p>\n<p class=\"brz-tp-lg-paragraph brz-css-di5fX\" data-generated-css=\"brz-css-yhfgc\" data-uniq-id=\"uoifn\"><\/p>\n<\/div>\n<\/div>\n<\/div>\n<div id=\"\" class=\"brz-css-p7qxu brz-wrapper\">\n<div class=\"brz-rich-text brz-rich-text__custom brz-css-jtsx5\" data-brz-custom-id=\"sdnpsldaholehweupydgohmshjjpevwjgyhp\">\n<div data-brz-translate-text=\"1\">\n<p class=\"brz-tp-lg-button brz-css-nRqcd\" data-generated-css=\"brz-css-pwuxv\">Mehr lesen<\/p>\n<\/div>\n<\/div>\n<\/div>\n<\/div>\n<p><a class=\"brz-a brz-container-link\" href=\"\/de\/senioren-fitness\/\" target=\"_self\" rel=\"noopener\" data-brz-link-type=\"external\"><\/a><\/div>\n<\/div>\n<\/div>\n<div class=\"brz-row__container brz-css-lfo86\" data-brz-custom-id=\"xhzldgotkogbvsfvbzskerjpxwozzzdfouhj\">\n<div class=\"brz-bg\"><\/div>\n<div class=\"brz-row brz-css-scD8v\">\n<div class=\"brz-columns brz-css-an5gb brz-css-bhb_u\" data-brz-custom-id=\"klgesatfnuafrjzmsllanajlvfnxseklkozt\">\n<div class=\"brz-bg\"><\/div>\n<div class=\"brz-column__items brz-css-a33Cr\">\n<div id=\"\" class=\"brz-css-p7qxu brz-wrapper\">\n<div class=\"brz-image brz-css-bz98f\" data-brz-custom-id=\"zvltuizmpcurxjomttkuurojjzkkixkibkai\"><img decoding=\"async\" class=\"brz-img\" src=\"https:\/\/ponsensport.nl\/wp-content\/uploads\/brizy\/imgs\/LHP_FITNESSCENTRUM_PONSEN_IMPRESSIE-9-399x265x46x0x353x265x1629966820.jpg\" alt=\"\" loading=\"lazy\" title=\"\"><\/div>\n<\/div>\n<div id=\"\" class=\"brz-css-p7qxu brz-wrapper\">\n<div class=\"brz-rich-text brz-rich-text__custom brz-css-jtsx5\" data-brz-custom-id=\"kdvviblcoyslduqvspbyhuwnhjnpesmyscog\">\n<div data-brz-translate-text=\"1\">\n<p class=\"brz-tp-lg-heading4 brz-css-dQKoY\" data-generated-css=\"brz-css-ykozj\" data-uniq-id=\"yhqlx\"><span class=\"brz-cp-color7\">Stehende R\u00fcckenschule<\/span><\/p>\n<\/div>\n<\/div>\n<\/div>\n<div id=\"\" class=\"brz-css-p7qxu brz-wrapper\">\n<div class=\"brz-rich-text brz-rich-text__custom brz-css-jtsx5\" data-brz-custom-id=\"twivgtcxmsspwhwfdpnyziuluhczzioxanhr\">\n<div data-brz-translate-text=\"1\">\n<p class=\"brz-tp-lg-paragraph brz-css-vdPxi\" data-generated-css=\"brz-css-xiano\" data-uniq-id=\"mvaux\"><span class=\"brz-cp-color7\">Bei der stehenden R\u00fcckenschulung geht es um eine gute Koordination und Balance. Mit den \u00dcbungen helfen wir dir, deine Haltung zu verbessern.<\/span><\/p>\n<\/div>\n<\/div>\n<\/div>\n<div id=\"\" class=\"brz-css-p7qxu brz-wrapper\">\n<div class=\"brz-rich-text brz-rich-text__custom brz-css-jtsx5\" data-brz-custom-id=\"gnjclzjrocvpegzheyoteeqvbfsotlztuoca\">\n<div data-brz-translate-text=\"1\">\n<p class=\"brz-tp-lg-button brz-css-bR2Of\" data-generated-css=\"brz-css-pwuxv\">Mehr lesen<\/p>\n<\/div>\n<\/div>\n<\/div>\n<\/div>\n<p><a class=\"brz-a brz-container-link\" href=\"\/de\/staande-rugscholing\/\" target=\"_self\" rel=\"noopener\" data-brz-link-type=\"external\"><\/a><\/div>\n<div class=\"brz-columns brz-css-an5gb brz-css-sJpXZ\" data-brz-custom-id=\"acknjymxpmgntnzllrouwtzipqzvxyydhtsx\">\n<div class=\"brz-bg\"><\/div>\n<div class=\"brz-column__items brz-css-a33Cr\">\n<div id=\"\" class=\"brz-css-p7qxu brz-wrapper\">\n<div class=\"brz-image brz-css-wgKNe\" data-brz-custom-id=\"cxjiysfxegoufjduagifqjsfpudneynvrtvy\"><img decoding=\"async\" class=\"brz-img\" src=\"https:\/\/ponsensport.nl\/wp-content\/uploads\/brizy\/imgs\/LHP_PONSEN_GROEPSLESSEN-6-6-399x266x23x0x353x266x1628761575.jpg\" alt=\"\" loading=\"lazy\" title=\"\"><\/div>\n<\/div>\n<div id=\"\" class=\"brz-css-p7qxu brz-wrapper\">\n<div class=\"brz-rich-text brz-rich-text__custom brz-css-jtsx5\" data-brz-custom-id=\"vubscrvzeenjmczydahioliyhwxwbaykpsyo\">\n<div data-brz-translate-text=\"1\">\n<p class=\"brz-tp-lg-heading4 brz-css-kWATj\" data-uniq-id=\"haflh\" data-generated-css=\"brz-css-lbjcp\"><span class=\"brz-cp-color7\">Hatha Yoga<\/span><\/p>\n<\/div>\n<\/div>\n<\/div>\n<div id=\"\" class=\"brz-css-p7qxu brz-wrapper\">\n<div class=\"brz-rich-text brz-rich-text__custom brz-css-jtsx5\" data-brz-custom-id=\"rjbdjfptasbcntlsslwnymlhylrzwnyqnocf\">\n<div data-brz-translate-text=\"1\">\n<p class=\"brz-tp-lg-paragraph brz-css-vsdXj\"><span class=\"brz-cp-color7\">Beim Yoga lernst du, wie du deinen K\u00f6rper und deinen Geist im Gleichgewicht h\u00e4lst. Yoga ist eine gute M\u00f6glichkeit, sich zu entspannen und gleichzeitig den K\u00f6rper zu st\u00e4rken.<\/span><\/p>\n<p class=\"brz-tp-lg-paragraph brz-css-ohLjd\" data-generated-css=\"brz-css-rcezm\" data-uniq-id=\"krood\"><\/p>\n<\/div>\n<\/div>\n<\/div>\n<div id=\"\" class=\"brz-css-p7qxu brz-wrapper\">\n<div class=\"brz-rich-text brz-rich-text__custom brz-css-jtsx5\" data-brz-custom-id=\"xmfbyvaojcplsdydhjjxjvstlomazrgoutqv\">\n<div data-brz-translate-text=\"1\">\n<p class=\"brz-tp-lg-button brz-css-dI5xy\" data-generated-css=\"brz-css-pwuxv\">Mehr lesen<\/p>\n<\/div>\n<\/div>\n<\/div>\n<\/div>\n<p><a class=\"brz-a brz-container-link\" href=\"\/de\/hatha-yoga\/\" target=\"_self\" rel=\"noopener\" data-brz-link-type=\"external\"><\/a><\/div>\n<div class=\"brz-columns brz-css-an5gb brz-css-wLnkT\" data-brz-custom-id=\"zydibchrvfcoejwlvreyzdtnqnimzowjkfpc\">\n<div class=\"brz-bg\"><\/div>\n<div class=\"brz-column__items brz-css-a33Cr\">\n<div id=\"\" class=\"brz-css-p7qxu brz-wrapper\">\n<div class=\"brz-image brz-css-lG7l2\" data-brz-custom-id=\"wmbenjojimnogitihomsvebwlemgqqghluto\"><img decoding=\"async\" class=\"brz-img\" src=\"https:\/\/ponsensport.nl\/wp-content\/uploads\/brizy\/imgs\/LHP_PONSEN_GROEPSLESSEN-6-6-400x266x23x0x354x266x1628761575.jpg\" alt=\"\" loading=\"lazy\" title=\"\"><\/div>\n<\/div>\n<div id=\"\" class=\"brz-css-p7qxu brz-wrapper\">\n<div class=\"brz-rich-text brz-rich-text__custom brz-css-jtsx5\" data-brz-custom-id=\"fhplgfljzwxeczuzkpgrswpsbbkuwyvqnvay\">\n<div data-brz-translate-text=\"1\">\n<p class=\"brz-tp-lg-heading4 brz-css-q0nUg\" data-generated-css=\"brz-css-uzeac\" data-uniq-id=\"vopid\"><span class=\"brz-cp-color7\">Yin Yoga<\/span><\/p>\n<\/div>\n<\/div>\n<\/div>\n<div id=\"\" class=\"brz-css-p7qxu brz-wrapper\">\n<div class=\"brz-rich-text brz-rich-text__custom brz-css-jtsx5\" data-brz-custom-id=\"fgautsgbnnpbgccmrnhljskcmdfstlnjfksq\">\n<div data-brz-translate-text=\"1\">\n<p class=\"brz-tp-lg-paragraph brz-css-taJ_G\" data-uniq-id=\"nzdfu\" data-generated-css=\"brz-css-obblu\"><span class=\"brz-cp-color7\">Beim Yoga lernst du, wie du deinen K\u00f6rper und deinen Geist im Gleichgewicht h\u00e4lst. Yoga ist eine gute M\u00f6glichkeit, sich zu entspannen und gleichzeitig den K\u00f6rper zu st\u00e4rken.<\/span><\/p>\n<\/div>\n<\/div>\n<\/div>\n<div id=\"\" class=\"brz-css-p7qxu brz-wrapper\">\n<div class=\"brz-rich-text brz-rich-text__custom brz-css-jtsx5\" data-brz-custom-id=\"pgmmasdyhytwguadawdthgbygtyngipeuium\">\n<div data-brz-translate-text=\"1\">\n<p data-uniq-id=\"tcugn\" data-generated-css=\"brz-css-sksks\" class=\"brz-tp-lg-button brz-css-n04K9\"><span class=\"brz-cp-color7\">Mehr lesen<\/span><\/p>\n<\/div>\n<\/div>\n<\/div>\n<\/div>\n<p><a class=\"brz-a brz-container-link\" href=\"\/de\/yin-yoga\/\" target=\"_self\" rel=\"noopener\" data-brz-link-type=\"external\"><\/a><\/div>\n<\/div>\n<\/div>\n<\/div>\n<\/div>\n<\/section>\n<\/div>\n<p>    <!-- version:1731939389 --><\/p>","protected":false},"excerpt":{"rendered":"<p>Gezellig en ontspannen sporten doe je bij Ponsen Wij staan klaar voor jou om je persoonlijke doelen te bereiken! Rugklachten Rugklachten zijn een veel [&hellip;]<\/p>\n","protected":false},"author":1,"featured_media":0,"parent":0,"menu_order":0,"comment_status":"closed","ping_status":"closed","template":"brizy-blank-template.php","meta":{"inline_featured_image":false,"site-sidebar-layout":"default","site-content-layout":"default","ast-site-content-layout":"default","site-content-style":"default","site-sidebar-style":"default","ast-global-header-display":"","ast-banner-title-visibility":"","ast-main-header-display":"","ast-hfb-above-header-display":"","ast-hfb-below-header-display":"","ast-hfb-mobile-header-display":"","site-post-title":"","ast-breadcrumbs-content":"","ast-featured-img":"","footer-sml-layout":"","ast-disable-related-posts":"","theme-transparent-header-meta":"default","adv-header-id-meta":"","stick-header-meta":"","header-above-stick-meta":"","header-main-stick-meta":"","header-below-stick-meta":"","astra-migrate-meta-layouts":"default","ast-page-background-enabled":"default","ast-page-background-meta":{"desktop":{"background-color":"","background-image":"","background-repeat":"repeat","background-position":"center center","background-size":"auto","background-attachment":"scroll","background-type":"","background-media":"","overlay-type":"","overlay-color":"","overlay-opacity":"","overlay-gradient":""},"tablet":{"background-color":"","background-image":"","background-repeat":"repeat","background-position":"center center","background-size":"auto","background-attachment":"scroll","background-type":"","background-media":"","overlay-type":"","overlay-color":"","overlay-opacity":"","overlay-gradient":""},"mobile":{"background-color":"","background-image":"","background-repeat":"repeat","background-position":"center center","background-size":"auto","background-attachment":"scroll","background-type":"","background-media":"","overlay-type":"","overlay-color":"","overlay-opacity":"","overlay-gradient":""}},"ast-content-background-meta":{"desktop":{"background-color":"var(--ast-global-color-5)","background-image":"","background-repeat":"repeat","background-position":"center center","background-size":"auto","background-attachment":"scroll","background-type":"","background-media":"","overlay-type":"","overlay-color":"","overlay-opacity":"","overlay-gradient":""},"tablet":{"background-color":"var(--ast-global-color-5)","background-image":"","background-repeat":"repeat","background-position":"center center","background-size":"auto","background-attachment":"scroll","background-type":"","background-media":"","overlay-type":"","overlay-color":"","overlay-opacity":"","overlay-gradient":""},"mobile":{"background-color":"var(--ast-global-color-5)","background-image":"","background-repeat":"repeat","background-position":"center center","background-size":"auto","background-attachment":"scroll","background-type":"","background-media":"","overlay-type":"","overlay-color":"","overlay-opacity":"","overlay-gradient":""}},"footnotes":""},"class_list":["post-13493","page","type-page","status-publish","hentry"],"brizy_media":[{"id":7409,"url":"https:\/\/ponsensport.nl\/wp-content\/uploads\/2020\/09\/geert-pieters-0Z-r591z3DI-unsplash-Aangepast.jpg","name":"geert-pieters-0Z-r591z3DI-unsplash-Aangepast.jpg","meta":{"brizy_attachment_uid":"wp-64648dacddcb9f24c8ce1e3c5651f42e.jpg","brizy_post_uid":["b6cb8ad2d518a0aa6a60c6b32bb98706","3ede990ea0320781762988e8148d5865","6d4259f2538a6a78a3c923a49192bf5d","4cff218eb8e29e27a4acd936fe8c2eb0"]}},{"id":14726,"url":"https:\/\/ponsensport.nl\/wp-content\/uploads\/2021\/08\/LHP_PONSEN_GROEPSLESSEN-7.jpg","name":"LHP_PONSEN_GROEPSLESSEN-7.jpg","meta":{"brizy_attachment_uid":"wp-18c16e07216d4bc28041be8e7baf30a4.jpg","brizy_post_uid":["49f3603912afa376ceda595eaa6c7651","3ede990ea0320781762988e8148d5865","b6cb8ad2d518a0aa6a60c6b32bb98706","22c2e4d2c569a754b5ef009f85ffba8a"]}},{"id":14727,"url":"https:\/\/ponsensport.nl\/wp-content\/uploads\/2021\/08\/LHP_PONSEN_GROEPSLESSEN-10-1.jpg","name":"LHP_PONSEN_GROEPSLESSEN-10-1.jpg","meta":{"brizy_attachment_uid":"wp-9298f14d90b59f39e2270999af8331ad.jpg","brizy_post_uid":["b6cb8ad2d518a0aa6a60c6b32bb98706","3ede990ea0320781762988e8148d5865"]}},{"id":14788,"url":"https:\/\/ponsensport.nl\/wp-content\/uploads\/2021\/08\/LHP_PONSEN_GROEPSLESSEN-31.jpg","name":"LHP_PONSEN_GROEPSLESSEN-31.jpg","meta":{"brizy_attachment_uid":"wp-9a606259685e4c64e4dd82faeca8ae75.jpg","brizy_post_uid":["3ede990ea0320781762988e8148d5865","49f3603912afa376ceda595eaa6c7651","b6cb8ad2d518a0aa6a60c6b32bb98706"]}},{"id":14869,"url":"https:\/\/ponsensport.nl\/wp-content\/uploads\/2021\/08\/LHP_PONSEN_GROEPSLESSEN-6-6.jpg","name":"LHP_PONSEN_GROEPSLESSEN-6-6.jpg","meta":{"brizy_attachment_uid":"wp-7948932a4f12a0f69aca21e59252b66b.jpg","brizy_post_uid":["3ede990ea0320781762988e8148d5865","49f3603912afa376ceda595eaa6c7651","b6cb8ad2d518a0aa6a60c6b32bb98706","ed5279c9e4f01beec699a0f080c0b199","1418ac18997b614c52996aa1badf6724"]}},{"id":16167,"url":"https:\/\/ponsensport.nl\/wp-content\/uploads\/2021\/08\/LHP_FITNESSCENTRUM_PONSEN_IMPRESSIE-42.jpg","name":"LHP_FITNESSCENTRUM_PONSEN_IMPRESSIE-42.jpg","meta":{"brizy_attachment_uid":"wp-b7448610d3ff7dcc02e5c28ca75ec2a6.jpg","brizy_post_uid":["b6cb8ad2d518a0aa6a60c6b32bb98706","6d3714a0495dcac66f4cdf77834d59ee","3ede990ea0320781762988e8148d5865","6d4259f2538a6a78a3c923a49192bf5d","a6f7589537159048b5c043b0d7ead674"]}},{"id":16187,"url":"https:\/\/ponsensport.nl\/wp-content\/uploads\/2021\/08\/LHP_FITNESSCENTRUM_PONSEN_IMPRESSIE-9.jpg","name":"LHP_FITNESSCENTRUM_PONSEN_IMPRESSIE-9.jpg","meta":{"brizy_attachment_uid":"wp-eb862155d3405b73cc1c62d9c547d3c6.jpg","brizy_post_uid":["b6cb8ad2d518a0aa6a60c6b32bb98706","49f3603912afa376ceda595eaa6c7651","3ede990ea0320781762988e8148d5865"]}},{"id":16203,"url":"https:\/\/ponsensport.nl\/wp-content\/uploads\/2021\/08\/LHP_FITNESSCENTRUM_PONSEN_IMPRESSIE-25.jpg","name":"LHP_FITNESSCENTRUM_PONSEN_IMPRESSIE-25.jpg","meta":{"brizy_attachment_uid":"wp-b99f03078247430a8ef035d227fdb225.jpg","brizy_post_uid":["b6cb8ad2d518a0aa6a60c6b32bb98706","3ede990ea0320781762988e8148d5865"]}},{"id":16199,"url":"https:\/\/ponsensport.nl\/wp-content\/uploads\/2021\/08\/LHP_FITNESSCENTRUM_PONSEN_IMPRESSIE-21.jpg","name":"LHP_FITNESSCENTRUM_PONSEN_IMPRESSIE-21.jpg","meta":{"brizy_attachment_uid":"wp-30b68e3e55a471f33e161d250aa0bc52.jpg","brizy_post_uid":["b6cb8ad2d518a0aa6a60c6b32bb98706","3ede990ea0320781762988e8148d5865"]}}],"_links":{"self":[{"href":"https:\/\/ponsensport.nl\/de\/wp-json\/wp\/v2\/pages\/13493","targetHints":{"allow":["GET"]}}],"collection":[{"href":"https:\/\/ponsensport.nl\/de\/wp-json\/wp\/v2\/pages"}],"about":[{"href":"https:\/\/ponsensport.nl\/de\/wp-json\/wp\/v2\/types\/page"}],"author":[{"embeddable":true,"href":"https:\/\/ponsensport.nl\/de\/wp-json\/wp\/v2\/users\/1"}],"replies":[{"embeddable":true,"href":"https:\/\/ponsensport.nl\/de\/wp-json\/wp\/v2\/comments?post=13493"}],"version-history":[{"count":0,"href":"https:\/\/ponsensport.nl\/de\/wp-json\/wp\/v2\/pages\/13493\/revisions"}],"wp:attachment":[{"href":"https:\/\/ponsensport.nl\/de\/wp-json\/wp\/v2\/media?parent=13493"}],"curies":[{"name":"wp","href":"https:\/\/api.w.org\/{rel}","templated":true}]}}